


{"id":89953,"date":"2024-09-25T16:58:04","date_gmt":"2024-09-25T19:58:04","guid":{"rendered":"https:\/\/chile.travel\/imperdiveis\/top-10-atividades-populares\/"},"modified":"2026-01-09T14:38:11","modified_gmt":"2026-01-09T17:38:11","slug":"top-10-atividades-populares","status":"publish","type":"page","link":"https:\/\/chile.travel\/pt-br\/imperdiveis\/top-10-atividades-populares\/","title":{"rendered":"Top 10 atividades populares"},"content":{"rendered":"\n<p>Texto de teste<\/p>\n","protected":false},"excerpt":{"rendered":"<p>Texto de teste<\/p>\n","protected":false},"author":2,"featured_media":58915,"parent":81426,"menu_order":113,"comment_status":"closed","ping_status":"closed","template":"page-imperdible-template.php","meta":{"_acf_changed":false,"inline_featured_image":false,"powered_cache_disable_cache":false,"powered_cache_disable_lazyload":false,"powered_cache_disable_js_optimization":false,"footnotes":""},"destacado":[],"class_list":["post-89953","page","type-page","status-publish","has-post-thumbnail","hentry"],"acf":[],"yoast_head":"<!-- This site is optimized with the Yoast SEO plugin v27.4 - https:\/\/yoast.com\/product\/yoast-seo-wordpress\/ -->\n<title>Top 10 atividades populares - Chile Travel<\/title>\n<meta name=\"description\" content=\"Procurando o que fazer no Chile? Descubra as atividades imperd\u00edveis: do trekking na Patag\u00f4nia e astroturismo no Atacama \u00e0s rotas do vinho. Viva o Chile em 2026!\" \/>\n<meta name=\"robots\" content=\"index, follow, max-snippet:-1, max-image-preview:large, max-video-preview:-1\" \/>\n<link rel=\"canonical\" href=\"https:\/\/chile.travel\/pt-br\/imperdiveis\/top-10-atividades-populares\/\" \/>\n<meta property=\"og:locale\" content=\"pt_BR\" \/>\n<meta property=\"og:type\" content=\"article\" \/>\n<meta property=\"og:title\" content=\"Top 10 atividades populares - Chile Travel\" \/>\n<meta property=\"og:description\" content=\"Procurando o que fazer no Chile? Descubra as atividades imperd\u00edveis: do trekking na Patag\u00f4nia e astroturismo no Atacama \u00e0s rotas do vinho. Viva o Chile em 2026!\" \/>\n<meta property=\"og:url\" content=\"https:\/\/chile.travel\/pt-br\/imperdiveis\/top-10-atividades-populares\/\" \/>\n<meta property=\"og:site_name\" content=\"Chile Travel\" \/>\n<meta property=\"article:modified_time\" content=\"2026-01-09T17:38:11+00:00\" \/>\n<meta property=\"og:image\" content=\"http:\/\/stg.chile.travel\/wp-content\/uploads\/2024\/10\/4c39a3d4-lago-todos-los-santos.jpg\" \/>\n\t<meta property=\"og:image:width\" content=\"1920\" \/>\n\t<meta property=\"og:image:height\" content=\"1281\" \/>\n\t<meta property=\"og:image:type\" content=\"image\/jpeg\" \/>\n<meta name=\"twitter:card\" content=\"summary_large_image\" \/>\n<meta name=\"twitter:label1\" content=\"Est. tempo de leitura\" \/>\n\t<meta name=\"twitter:data1\" content=\"1 minuto\" \/>\n<script type=\"application\/ld+json\" class=\"yoast-schema-graph\">{\"@context\":\"https:\\\/\\\/schema.org\",\"@graph\":[{\"@type\":\"WebPage\",\"@id\":\"https:\\\/\\\/chile.travel\\\/pt-br\\\/imperdiveis\\\/top-10-atividades-populares\\\/\",\"url\":\"https:\\\/\\\/chile.travel\\\/pt-br\\\/imperdiveis\\\/top-10-atividades-populares\\\/\",\"name\":\"Top 10 atividades populares - Chile Travel\",\"isPartOf\":{\"@id\":\"https:\\\/\\\/stg.chile.travel\\\/pt-br\\\/#website\"},\"primaryImageOfPage\":{\"@id\":\"https:\\\/\\\/chile.travel\\\/pt-br\\\/imperdiveis\\\/top-10-atividades-populares\\\/#primaryimage\"},\"image\":{\"@id\":\"https:\\\/\\\/chile.travel\\\/pt-br\\\/imperdiveis\\\/top-10-atividades-populares\\\/#primaryimage\"},\"thumbnailUrl\":\"https:\\\/\\\/chile.travel\\\/wp-content\\\/uploads\\\/2024\\\/10\\\/4c39a3d4-lago-todos-los-santos.jpg\",\"datePublished\":\"2024-09-25T19:58:04+00:00\",\"dateModified\":\"2026-01-09T17:38:11+00:00\",\"description\":\"Procurando o que fazer no Chile? Descubra as atividades imperd\u00edveis: do trekking na Patag\u00f4nia e astroturismo no Atacama \u00e0s rotas do vinho. Viva o Chile em 2026!\",\"breadcrumb\":{\"@id\":\"https:\\\/\\\/chile.travel\\\/pt-br\\\/imperdiveis\\\/top-10-atividades-populares\\\/#breadcrumb\"},\"inLanguage\":\"pt-BR\",\"potentialAction\":[{\"@type\":\"ReadAction\",\"target\":[\"https:\\\/\\\/chile.travel\\\/pt-br\\\/imperdiveis\\\/top-10-atividades-populares\\\/\"]}]},{\"@type\":\"ImageObject\",\"inLanguage\":\"pt-BR\",\"@id\":\"https:\\\/\\\/chile.travel\\\/pt-br\\\/imperdiveis\\\/top-10-atividades-populares\\\/#primaryimage\",\"url\":\"https:\\\/\\\/chile.travel\\\/wp-content\\\/uploads\\\/2024\\\/10\\\/4c39a3d4-lago-todos-los-santos.jpg\",\"contentUrl\":\"https:\\\/\\\/chile.travel\\\/wp-content\\\/uploads\\\/2024\\\/10\\\/4c39a3d4-lago-todos-los-santos.jpg\",\"width\":1920,\"height\":1281},{\"@type\":\"BreadcrumbList\",\"@id\":\"https:\\\/\\\/chile.travel\\\/pt-br\\\/imperdiveis\\\/top-10-atividades-populares\\\/#breadcrumb\",\"itemListElement\":[{\"@type\":\"ListItem\",\"position\":1,\"name\":\"Portada\",\"item\":\"https:\\\/\\\/stg.chile.travel\\\/pt-br\\\/\"},{\"@type\":\"ListItem\",\"position\":2,\"name\":\"Imperd\u00edveis\",\"item\":\"https:\\\/\\\/stg.chile.travel\\\/pt-br\\\/imperdiveis\\\/\"},{\"@type\":\"ListItem\",\"position\":3,\"name\":\"Top 10 atividades populares\"}]},{\"@type\":\"WebSite\",\"@id\":\"https:\\\/\\\/stg.chile.travel\\\/pt-br\\\/#website\",\"url\":\"https:\\\/\\\/stg.chile.travel\\\/pt-br\\\/\",\"name\":\"Chile Travel\",\"description\":\"\",\"publisher\":{\"@id\":\"https:\\\/\\\/stg.chile.travel\\\/pt-br\\\/#organization\"},\"potentialAction\":[{\"@type\":\"SearchAction\",\"target\":{\"@type\":\"EntryPoint\",\"urlTemplate\":\"https:\\\/\\\/stg.chile.travel\\\/pt-br\\\/?s={search_term_string}\"},\"query-input\":{\"@type\":\"PropertyValueSpecification\",\"valueRequired\":true,\"valueName\":\"search_term_string\"}}],\"inLanguage\":\"pt-BR\"},{\"@type\":\"Organization\",\"@id\":\"https:\\\/\\\/stg.chile.travel\\\/pt-br\\\/#organization\",\"name\":\"Chile Travel\",\"url\":\"https:\\\/\\\/stg.chile.travel\\\/pt-br\\\/\",\"logo\":{\"@type\":\"ImageObject\",\"inLanguage\":\"pt-BR\",\"@id\":\"https:\\\/\\\/stg.chile.travel\\\/pt-br\\\/#\\\/schema\\\/logo\\\/image\\\/\",\"url\":\"https:\\\/\\\/chile.travel\\\/wp-content\\\/uploads\\\/2025\\\/12\\\/84152706-logo-travel.svg\",\"contentUrl\":\"https:\\\/\\\/chile.travel\\\/wp-content\\\/uploads\\\/2025\\\/12\\\/84152706-logo-travel.svg\",\"width\":189,\"height\":225,\"caption\":\"Chile Travel\"},\"image\":{\"@id\":\"https:\\\/\\\/stg.chile.travel\\\/pt-br\\\/#\\\/schema\\\/logo\\\/image\\\/\"}}]}<\/script>\n<!-- \/ Yoast SEO plugin. -->","yoast_head_json":{"title":"Top 10 atividades populares - Chile Travel","description":"Procurando o que fazer no Chile? Descubra as atividades imperd\u00edveis: do trekking na Patag\u00f4nia e astroturismo no Atacama \u00e0s rotas do vinho. Viva o Chile em 2026!","robots":{"index":"index","follow":"follow","max-snippet":"max-snippet:-1","max-image-preview":"max-image-preview:large","max-video-preview":"max-video-preview:-1"},"canonical":"https:\/\/chile.travel\/pt-br\/imperdiveis\/top-10-atividades-populares\/","og_locale":"pt_BR","og_type":"article","og_title":"Top 10 atividades populares - Chile Travel","og_description":"Procurando o que fazer no Chile? Descubra as atividades imperd\u00edveis: do trekking na Patag\u00f4nia e astroturismo no Atacama \u00e0s rotas do vinho. Viva o Chile em 2026!","og_url":"https:\/\/chile.travel\/pt-br\/imperdiveis\/top-10-atividades-populares\/","og_site_name":"Chile Travel","article_modified_time":"2026-01-09T17:38:11+00:00","og_image":[{"width":1920,"height":1281,"url":"http:\/\/stg.chile.travel\/wp-content\/uploads\/2024\/10\/4c39a3d4-lago-todos-los-santos.jpg","type":"image\/jpeg"}],"twitter_card":"summary_large_image","twitter_misc":{"Est. tempo de leitura":"1 minuto"},"schema":{"@context":"https:\/\/schema.org","@graph":[{"@type":"WebPage","@id":"https:\/\/chile.travel\/pt-br\/imperdiveis\/top-10-atividades-populares\/","url":"https:\/\/chile.travel\/pt-br\/imperdiveis\/top-10-atividades-populares\/","name":"Top 10 atividades populares - Chile Travel","isPartOf":{"@id":"https:\/\/stg.chile.travel\/pt-br\/#website"},"primaryImageOfPage":{"@id":"https:\/\/chile.travel\/pt-br\/imperdiveis\/top-10-atividades-populares\/#primaryimage"},"image":{"@id":"https:\/\/chile.travel\/pt-br\/imperdiveis\/top-10-atividades-populares\/#primaryimage"},"thumbnailUrl":"https:\/\/chile.travel\/wp-content\/uploads\/2024\/10\/4c39a3d4-lago-todos-los-santos.jpg","datePublished":"2024-09-25T19:58:04+00:00","dateModified":"2026-01-09T17:38:11+00:00","description":"Procurando o que fazer no Chile? Descubra as atividades imperd\u00edveis: do trekking na Patag\u00f4nia e astroturismo no Atacama \u00e0s rotas do vinho. Viva o Chile em 2026!","breadcrumb":{"@id":"https:\/\/chile.travel\/pt-br\/imperdiveis\/top-10-atividades-populares\/#breadcrumb"},"inLanguage":"pt-BR","potentialAction":[{"@type":"ReadAction","target":["https:\/\/chile.travel\/pt-br\/imperdiveis\/top-10-atividades-populares\/"]}]},{"@type":"ImageObject","inLanguage":"pt-BR","@id":"https:\/\/chile.travel\/pt-br\/imperdiveis\/top-10-atividades-populares\/#primaryimage","url":"https:\/\/chile.travel\/wp-content\/uploads\/2024\/10\/4c39a3d4-lago-todos-los-santos.jpg","contentUrl":"https:\/\/chile.travel\/wp-content\/uploads\/2024\/10\/4c39a3d4-lago-todos-los-santos.jpg","width":1920,"height":1281},{"@type":"BreadcrumbList","@id":"https:\/\/chile.travel\/pt-br\/imperdiveis\/top-10-atividades-populares\/#breadcrumb","itemListElement":[{"@type":"ListItem","position":1,"name":"Portada","item":"https:\/\/stg.chile.travel\/pt-br\/"},{"@type":"ListItem","position":2,"name":"Imperd\u00edveis","item":"https:\/\/stg.chile.travel\/pt-br\/imperdiveis\/"},{"@type":"ListItem","position":3,"name":"Top 10 atividades populares"}]},{"@type":"WebSite","@id":"https:\/\/stg.chile.travel\/pt-br\/#website","url":"https:\/\/stg.chile.travel\/pt-br\/","name":"Chile Travel","description":"","publisher":{"@id":"https:\/\/stg.chile.travel\/pt-br\/#organization"},"potentialAction":[{"@type":"SearchAction","target":{"@type":"EntryPoint","urlTemplate":"https:\/\/stg.chile.travel\/pt-br\/?s={search_term_string}"},"query-input":{"@type":"PropertyValueSpecification","valueRequired":true,"valueName":"search_term_string"}}],"inLanguage":"pt-BR"},{"@type":"Organization","@id":"https:\/\/stg.chile.travel\/pt-br\/#organization","name":"Chile Travel","url":"https:\/\/stg.chile.travel\/pt-br\/","logo":{"@type":"ImageObject","inLanguage":"pt-BR","@id":"https:\/\/stg.chile.travel\/pt-br\/#\/schema\/logo\/image\/","url":"https:\/\/chile.travel\/wp-content\/uploads\/2025\/12\/84152706-logo-travel.svg","contentUrl":"https:\/\/chile.travel\/wp-content\/uploads\/2025\/12\/84152706-logo-travel.svg","width":189,"height":225,"caption":"Chile Travel"},"image":{"@id":"https:\/\/stg.chile.travel\/pt-br\/#\/schema\/logo\/image\/"}}]}},"_links":{"self":[{"href":"https:\/\/chile.travel\/pt-br\/wp-json\/wp\/v2\/pages\/89953","targetHints":{"allow":["GET"]}}],"collection":[{"href":"https:\/\/chile.travel\/pt-br\/wp-json\/wp\/v2\/pages"}],"about":[{"href":"https:\/\/chile.travel\/pt-br\/wp-json\/wp\/v2\/types\/page"}],"author":[{"embeddable":true,"href":"https:\/\/chile.travel\/pt-br\/wp-json\/wp\/v2\/users\/2"}],"replies":[{"embeddable":true,"href":"https:\/\/chile.travel\/pt-br\/wp-json\/wp\/v2\/comments?post=89953"}],"version-history":[{"count":1,"href":"https:\/\/chile.travel\/pt-br\/wp-json\/wp\/v2\/pages\/89953\/revisions"}],"predecessor-version":[{"id":89954,"href":"https:\/\/chile.travel\/pt-br\/wp-json\/wp\/v2\/pages\/89953\/revisions\/89954"}],"up":[{"embeddable":true,"href":"https:\/\/chile.travel\/pt-br\/wp-json\/wp\/v2\/pages\/81426"}],"wp:featuredmedia":[{"embeddable":true,"href":"https:\/\/chile.travel\/pt-br\/wp-json\/wp\/v2\/media\/58915"}],"wp:attachment":[{"href":"https:\/\/chile.travel\/pt-br\/wp-json\/wp\/v2\/media?parent=89953"}],"wp:term":[{"taxonomy":"destacado","embeddable":true,"href":"https:\/\/chile.travel\/pt-br\/wp-json\/wp\/v2\/destacado?post=89953"}],"curies":[{"name":"wp","href":"https:\/\/api.w.org\/{rel}","templated":true}]}}