{"id":81948,"date":"2024-09-11T17:59:20","date_gmt":"2024-09-11T20:59:20","guid":{"rendered":"https:\/\/chile.travel\/imprensa\/"},"modified":"2025-12-16T15:07:38","modified_gmt":"2025-12-16T18:07:38","slug":"imprensa","status":"publish","type":"page","link":"https:\/\/chile.travel\/pt-br\/imprensa\/","title":{"rendered":"Imprensa"},"content":{"rendered":"","protected":false},"excerpt":{"rendered":"","protected":false},"author":17,"featured_media":69089,"parent":0,"menu_order":69,"comment_status":"closed","ping_status":"closed","template":"page-prensa.php","meta":{"_acf_changed":false,"inline_featured_image":false,"powered_cache_disable_cache":false,"powered_cache_disable_lazyload":false,"powered_cache_disable_js_optimization":false,"footnotes":""},"destacado":[],"class_list":["post-81948","page","type-page","status-publish","has-post-thumbnail","hentry"],"acf":[],"yoast_head":"<!-- This site is optimized with the Yoast SEO plugin v27.3 - https:\/\/yoast.com\/product\/yoast-seo-wordpress\/ -->\n<title>Imprensa - Chile Travel<\/title>\n<meta name=\"description\" content=\"\u00c9 um profissional da imprensa ou meio de comunica\u00e7\u00e3o internacional? Solicite a sua viagem de imprensa ao Chile ou descarregue material audiovisual (fotos e v\u00eddeos) de alta qualidade para as suas publica\u00e7\u00f5es sobre turismo chileno.\" \/>\n<meta name=\"robots\" content=\"index, follow, max-snippet:-1, max-image-preview:large, max-video-preview:-1\" \/>\n<link rel=\"canonical\" href=\"https:\/\/chile.travel\/pt-br\/imprensa\/\" \/>\n<meta property=\"og:locale\" content=\"pt_BR\" \/>\n<meta property=\"og:type\" content=\"article\" \/>\n<meta property=\"og:title\" content=\"Imprensa - Chile Travel\" \/>\n<meta property=\"og:description\" content=\"\u00c9 um profissional da imprensa ou meio de comunica\u00e7\u00e3o internacional? Solicite a sua viagem de imprensa ao Chile ou descarregue material audiovisual (fotos e v\u00eddeos) de alta qualidade para as suas publica\u00e7\u00f5es sobre turismo chileno.\" \/>\n<meta property=\"og:url\" content=\"https:\/\/chile.travel\/pt-br\/imprensa\/\" \/>\n<meta property=\"og:site_name\" content=\"Chile Travel\" \/>\n<meta property=\"article:modified_time\" content=\"2025-12-16T18:07:38+00:00\" \/>\n<meta property=\"og:image\" content=\"http:\/\/stg.chile.travel\/wp-content\/uploads\/2024\/10\/222f28f0-prensa_zip.png\" \/>\n\t<meta property=\"og:image:width\" content=\"1919\" \/>\n\t<meta property=\"og:image:height\" content=\"999\" \/>\n\t<meta property=\"og:image:type\" content=\"image\/png\" \/>\n<meta name=\"twitter:card\" content=\"summary_large_image\" \/>\n<meta name=\"twitter:label1\" content=\"Est. tempo de leitura\" \/>\n\t<meta name=\"twitter:data1\" content=\"1 minuto\" \/>\n<script type=\"application\/ld+json\" class=\"yoast-schema-graph\">{\"@context\":\"https:\\\/\\\/schema.org\",\"@graph\":[{\"@type\":\"WebPage\",\"@id\":\"https:\\\/\\\/chile.travel\\\/pt-br\\\/imprensa\\\/\",\"url\":\"https:\\\/\\\/chile.travel\\\/pt-br\\\/imprensa\\\/\",\"name\":\"Imprensa - Chile Travel\",\"isPartOf\":{\"@id\":\"https:\\\/\\\/stg.chile.travel\\\/pt-br\\\/#website\"},\"primaryImageOfPage\":{\"@id\":\"https:\\\/\\\/chile.travel\\\/pt-br\\\/imprensa\\\/#primaryimage\"},\"image\":{\"@id\":\"https:\\\/\\\/chile.travel\\\/pt-br\\\/imprensa\\\/#primaryimage\"},\"thumbnailUrl\":\"https:\\\/\\\/chile.travel\\\/wp-content\\\/uploads\\\/2024\\\/10\\\/222f28f0-prensa_zip.png\",\"datePublished\":\"2024-09-11T20:59:20+00:00\",\"dateModified\":\"2025-12-16T18:07:38+00:00\",\"description\":\"\u00c9 um profissional da imprensa ou meio de comunica\u00e7\u00e3o internacional? Solicite a sua viagem de imprensa ao Chile ou descarregue material audiovisual (fotos e v\u00eddeos) de alta qualidade para as suas publica\u00e7\u00f5es sobre turismo chileno.\",\"breadcrumb\":{\"@id\":\"https:\\\/\\\/chile.travel\\\/pt-br\\\/imprensa\\\/#breadcrumb\"},\"inLanguage\":\"pt-BR\",\"potentialAction\":[{\"@type\":\"ReadAction\",\"target\":[\"https:\\\/\\\/chile.travel\\\/pt-br\\\/imprensa\\\/\"]}]},{\"@type\":\"ImageObject\",\"inLanguage\":\"pt-BR\",\"@id\":\"https:\\\/\\\/chile.travel\\\/pt-br\\\/imprensa\\\/#primaryimage\",\"url\":\"https:\\\/\\\/chile.travel\\\/wp-content\\\/uploads\\\/2024\\\/10\\\/222f28f0-prensa_zip.png\",\"contentUrl\":\"https:\\\/\\\/chile.travel\\\/wp-content\\\/uploads\\\/2024\\\/10\\\/222f28f0-prensa_zip.png\",\"width\":1919,\"height\":999},{\"@type\":\"BreadcrumbList\",\"@id\":\"https:\\\/\\\/chile.travel\\\/pt-br\\\/imprensa\\\/#breadcrumb\",\"itemListElement\":[{\"@type\":\"ListItem\",\"position\":1,\"name\":\"Portada\",\"item\":\"https:\\\/\\\/stg.chile.travel\\\/pt-br\\\/\"},{\"@type\":\"ListItem\",\"position\":2,\"name\":\"Imprensa\"}]},{\"@type\":\"WebSite\",\"@id\":\"https:\\\/\\\/stg.chile.travel\\\/pt-br\\\/#website\",\"url\":\"https:\\\/\\\/stg.chile.travel\\\/pt-br\\\/\",\"name\":\"Chile Travel\",\"description\":\"\",\"publisher\":{\"@id\":\"https:\\\/\\\/stg.chile.travel\\\/pt-br\\\/#organization\"},\"potentialAction\":[{\"@type\":\"SearchAction\",\"target\":{\"@type\":\"EntryPoint\",\"urlTemplate\":\"https:\\\/\\\/stg.chile.travel\\\/pt-br\\\/?s={search_term_string}\"},\"query-input\":{\"@type\":\"PropertyValueSpecification\",\"valueRequired\":true,\"valueName\":\"search_term_string\"}}],\"inLanguage\":\"pt-BR\"},{\"@type\":\"Organization\",\"@id\":\"https:\\\/\\\/stg.chile.travel\\\/pt-br\\\/#organization\",\"name\":\"Chile Travel\",\"url\":\"https:\\\/\\\/stg.chile.travel\\\/pt-br\\\/\",\"logo\":{\"@type\":\"ImageObject\",\"inLanguage\":\"pt-BR\",\"@id\":\"https:\\\/\\\/stg.chile.travel\\\/pt-br\\\/#\\\/schema\\\/logo\\\/image\\\/\",\"url\":\"https:\\\/\\\/chile.travel\\\/wp-content\\\/uploads\\\/2025\\\/12\\\/84152706-logo-travel.svg\",\"contentUrl\":\"https:\\\/\\\/chile.travel\\\/wp-content\\\/uploads\\\/2025\\\/12\\\/84152706-logo-travel.svg\",\"width\":189,\"height\":225,\"caption\":\"Chile Travel\"},\"image\":{\"@id\":\"https:\\\/\\\/stg.chile.travel\\\/pt-br\\\/#\\\/schema\\\/logo\\\/image\\\/\"}}]}<\/script>\n<!-- \/ Yoast SEO plugin. -->","yoast_head_json":{"title":"Imprensa - Chile Travel","description":"\u00c9 um profissional da imprensa ou meio de comunica\u00e7\u00e3o internacional? Solicite a sua viagem de imprensa ao Chile ou descarregue material audiovisual (fotos e v\u00eddeos) de alta qualidade para as suas publica\u00e7\u00f5es sobre turismo chileno.","robots":{"index":"index","follow":"follow","max-snippet":"max-snippet:-1","max-image-preview":"max-image-preview:large","max-video-preview":"max-video-preview:-1"},"canonical":"https:\/\/chile.travel\/pt-br\/imprensa\/","og_locale":"pt_BR","og_type":"article","og_title":"Imprensa - Chile Travel","og_description":"\u00c9 um profissional da imprensa ou meio de comunica\u00e7\u00e3o internacional? Solicite a sua viagem de imprensa ao Chile ou descarregue material audiovisual (fotos e v\u00eddeos) de alta qualidade para as suas publica\u00e7\u00f5es sobre turismo chileno.","og_url":"https:\/\/chile.travel\/pt-br\/imprensa\/","og_site_name":"Chile Travel","article_modified_time":"2025-12-16T18:07:38+00:00","og_image":[{"width":1919,"height":999,"url":"http:\/\/stg.chile.travel\/wp-content\/uploads\/2024\/10\/222f28f0-prensa_zip.png","type":"image\/png"}],"twitter_card":"summary_large_image","twitter_misc":{"Est. tempo de leitura":"1 minuto"},"schema":{"@context":"https:\/\/schema.org","@graph":[{"@type":"WebPage","@id":"https:\/\/chile.travel\/pt-br\/imprensa\/","url":"https:\/\/chile.travel\/pt-br\/imprensa\/","name":"Imprensa - Chile Travel","isPartOf":{"@id":"https:\/\/stg.chile.travel\/pt-br\/#website"},"primaryImageOfPage":{"@id":"https:\/\/chile.travel\/pt-br\/imprensa\/#primaryimage"},"image":{"@id":"https:\/\/chile.travel\/pt-br\/imprensa\/#primaryimage"},"thumbnailUrl":"https:\/\/chile.travel\/wp-content\/uploads\/2024\/10\/222f28f0-prensa_zip.png","datePublished":"2024-09-11T20:59:20+00:00","dateModified":"2025-12-16T18:07:38+00:00","description":"\u00c9 um profissional da imprensa ou meio de comunica\u00e7\u00e3o internacional? Solicite a sua viagem de imprensa ao Chile ou descarregue material audiovisual (fotos e v\u00eddeos) de alta qualidade para as suas publica\u00e7\u00f5es sobre turismo chileno.","breadcrumb":{"@id":"https:\/\/chile.travel\/pt-br\/imprensa\/#breadcrumb"},"inLanguage":"pt-BR","potentialAction":[{"@type":"ReadAction","target":["https:\/\/chile.travel\/pt-br\/imprensa\/"]}]},{"@type":"ImageObject","inLanguage":"pt-BR","@id":"https:\/\/chile.travel\/pt-br\/imprensa\/#primaryimage","url":"https:\/\/chile.travel\/wp-content\/uploads\/2024\/10\/222f28f0-prensa_zip.png","contentUrl":"https:\/\/chile.travel\/wp-content\/uploads\/2024\/10\/222f28f0-prensa_zip.png","width":1919,"height":999},{"@type":"BreadcrumbList","@id":"https:\/\/chile.travel\/pt-br\/imprensa\/#breadcrumb","itemListElement":[{"@type":"ListItem","position":1,"name":"Portada","item":"https:\/\/stg.chile.travel\/pt-br\/"},{"@type":"ListItem","position":2,"name":"Imprensa"}]},{"@type":"WebSite","@id":"https:\/\/stg.chile.travel\/pt-br\/#website","url":"https:\/\/stg.chile.travel\/pt-br\/","name":"Chile Travel","description":"","publisher":{"@id":"https:\/\/stg.chile.travel\/pt-br\/#organization"},"potentialAction":[{"@type":"SearchAction","target":{"@type":"EntryPoint","urlTemplate":"https:\/\/stg.chile.travel\/pt-br\/?s={search_term_string}"},"query-input":{"@type":"PropertyValueSpecification","valueRequired":true,"valueName":"search_term_string"}}],"inLanguage":"pt-BR"},{"@type":"Organization","@id":"https:\/\/stg.chile.travel\/pt-br\/#organization","name":"Chile Travel","url":"https:\/\/stg.chile.travel\/pt-br\/","logo":{"@type":"ImageObject","inLanguage":"pt-BR","@id":"https:\/\/stg.chile.travel\/pt-br\/#\/schema\/logo\/image\/","url":"https:\/\/chile.travel\/wp-content\/uploads\/2025\/12\/84152706-logo-travel.svg","contentUrl":"https:\/\/chile.travel\/wp-content\/uploads\/2025\/12\/84152706-logo-travel.svg","width":189,"height":225,"caption":"Chile Travel"},"image":{"@id":"https:\/\/stg.chile.travel\/pt-br\/#\/schema\/logo\/image\/"}}]}},"_links":{"self":[{"href":"https:\/\/chile.travel\/pt-br\/wp-json\/wp\/v2\/pages\/81948","targetHints":{"allow":["GET"]}}],"collection":[{"href":"https:\/\/chile.travel\/pt-br\/wp-json\/wp\/v2\/pages"}],"about":[{"href":"https:\/\/chile.travel\/pt-br\/wp-json\/wp\/v2\/types\/page"}],"author":[{"embeddable":true,"href":"https:\/\/chile.travel\/pt-br\/wp-json\/wp\/v2\/users\/17"}],"replies":[{"embeddable":true,"href":"https:\/\/chile.travel\/pt-br\/wp-json\/wp\/v2\/comments?post=81948"}],"version-history":[{"count":3,"href":"https:\/\/chile.travel\/pt-br\/wp-json\/wp\/v2\/pages\/81948\/revisions"}],"predecessor-version":[{"id":82307,"href":"https:\/\/chile.travel\/pt-br\/wp-json\/wp\/v2\/pages\/81948\/revisions\/82307"}],"wp:featuredmedia":[{"embeddable":true,"href":"https:\/\/chile.travel\/pt-br\/wp-json\/wp\/v2\/media\/69089"}],"wp:attachment":[{"href":"https:\/\/chile.travel\/pt-br\/wp-json\/wp\/v2\/media?parent=81948"}],"wp:term":[{"taxonomy":"destacado","embeddable":true,"href":"https:\/\/chile.travel\/pt-br\/wp-json\/wp\/v2\/destacado?post=81948"}],"curies":[{"name":"wp","href":"https:\/\/api.w.org\/{rel}","templated":true}]}}