
{"id":89957,"date":"2024-09-25T16:58:04","date_gmt":"2024-09-25T19:58:04","guid":{"rendered":"https:\/\/chile.travel\/incontournables\/top-10-des-activites-populaires\/"},"modified":"2026-01-09T14:38:51","modified_gmt":"2026-01-09T17:38:51","slug":"top-10-des-activites-populaires","status":"publish","type":"page","link":"https:\/\/chile.travel\/fr\/incontournables\/top-10-des-activites-populaires\/","title":{"rendered":"Top 10 des activit\u00e9s populaires"},"content":{"rendered":"\n<p>Texte de test<\/p>\n","protected":false},"excerpt":{"rendered":"<p>Texte de test<\/p>\n","protected":false},"author":2,"featured_media":86353,"parent":81421,"menu_order":111,"comment_status":"closed","ping_status":"closed","template":"page-imperdible-template.php","meta":{"_acf_changed":false,"inline_featured_image":false,"powered_cache_disable_cache":false,"powered_cache_disable_lazyload":false,"powered_cache_disable_js_optimization":false,"footnotes":""},"destacado":[],"class_list":["post-89957","page","type-page","status-publish","has-post-thumbnail","hentry"],"acf":[],"yoast_head":"<!-- This site is optimized with the Yoast SEO plugin v27.3 - https:\/\/yoast.com\/product\/yoast-seo-wordpress\/ -->\n<title>Top 10 des activit\u00e9s populaires - Chile Travel<\/title>\n<meta name=\"description\" content=\"\u00bfVous cherchez que faire au Chili ? D\u00e9couvrez les activit\u00e9s incontournables : du trekking en Patagonie et l&#039;astroturisme \u00e0 Atacama aux routes des vins.\" \/>\n<meta name=\"robots\" content=\"index, follow, max-snippet:-1, max-image-preview:large, max-video-preview:-1\" \/>\n<link rel=\"canonical\" href=\"https:\/\/chile.travel\/fr\/incontournables\/top-10-des-activites-populaires\/\" \/>\n<meta property=\"og:locale\" content=\"fr_FR\" \/>\n<meta property=\"og:type\" content=\"article\" \/>\n<meta property=\"og:title\" content=\"Top 10 des activit\u00e9s populaires - Chile Travel\" \/>\n<meta property=\"og:description\" content=\"\u00bfVous cherchez que faire au Chili ? D\u00e9couvrez les activit\u00e9s incontournables : du trekking en Patagonie et l&#039;astroturisme \u00e0 Atacama aux routes des vins.\" \/>\n<meta property=\"og:url\" content=\"https:\/\/chile.travel\/fr\/incontournables\/top-10-des-activites-populaires\/\" \/>\n<meta property=\"og:site_name\" content=\"Chile Travel\" \/>\n<meta property=\"article:modified_time\" content=\"2026-01-09T17:38:51+00:00\" \/>\n<meta property=\"og:image\" content=\"http:\/\/stg.chile.travel\/wp-content\/uploads\/2024\/10\/4c39a3d4-lago-todos-los-santos.jpg\" \/>\n\t<meta property=\"og:image:width\" content=\"1920\" \/>\n\t<meta property=\"og:image:height\" content=\"1281\" \/>\n\t<meta property=\"og:image:type\" content=\"image\/jpeg\" \/>\n<meta name=\"twitter:card\" content=\"summary_large_image\" \/>\n<meta name=\"twitter:label1\" content=\"Dur\u00e9e de lecture estim\u00e9e\" \/>\n\t<meta name=\"twitter:data1\" content=\"1 minute\" \/>\n<script type=\"application\/ld+json\" class=\"yoast-schema-graph\">{\"@context\":\"https:\\\/\\\/schema.org\",\"@graph\":[{\"@type\":\"WebPage\",\"@id\":\"https:\\\/\\\/chile.travel\\\/fr\\\/incontournables\\\/top-10-des-activites-populaires\\\/\",\"url\":\"https:\\\/\\\/chile.travel\\\/fr\\\/incontournables\\\/top-10-des-activites-populaires\\\/\",\"name\":\"Top 10 des activit\u00e9s populaires - Chile Travel\",\"isPartOf\":{\"@id\":\"https:\\\/\\\/stg.chile.travel\\\/fr\\\/#website\"},\"primaryImageOfPage\":{\"@id\":\"https:\\\/\\\/chile.travel\\\/fr\\\/incontournables\\\/top-10-des-activites-populaires\\\/#primaryimage\"},\"image\":{\"@id\":\"https:\\\/\\\/chile.travel\\\/fr\\\/incontournables\\\/top-10-des-activites-populaires\\\/#primaryimage\"},\"thumbnailUrl\":\"https:\\\/\\\/chile.travel\\\/wp-content\\\/uploads\\\/2024\\\/10\\\/4c39a3d4-lago-todos-los-santos.jpg\",\"datePublished\":\"2024-09-25T19:58:04+00:00\",\"dateModified\":\"2026-01-09T17:38:51+00:00\",\"description\":\"\u00bfVous cherchez que faire au Chili ? D\u00e9couvrez les activit\u00e9s incontournables : du trekking en Patagonie et l'astroturisme \u00e0 Atacama aux routes des vins.\",\"breadcrumb\":{\"@id\":\"https:\\\/\\\/chile.travel\\\/fr\\\/incontournables\\\/top-10-des-activites-populaires\\\/#breadcrumb\"},\"inLanguage\":\"fr-FR\",\"potentialAction\":[{\"@type\":\"ReadAction\",\"target\":[\"https:\\\/\\\/chile.travel\\\/fr\\\/incontournables\\\/top-10-des-activites-populaires\\\/\"]}]},{\"@type\":\"ImageObject\",\"inLanguage\":\"fr-FR\",\"@id\":\"https:\\\/\\\/chile.travel\\\/fr\\\/incontournables\\\/top-10-des-activites-populaires\\\/#primaryimage\",\"url\":\"https:\\\/\\\/chile.travel\\\/wp-content\\\/uploads\\\/2024\\\/10\\\/4c39a3d4-lago-todos-los-santos.jpg\",\"contentUrl\":\"https:\\\/\\\/chile.travel\\\/wp-content\\\/uploads\\\/2024\\\/10\\\/4c39a3d4-lago-todos-los-santos.jpg\",\"width\":1920,\"height\":1281},{\"@type\":\"BreadcrumbList\",\"@id\":\"https:\\\/\\\/chile.travel\\\/fr\\\/incontournables\\\/top-10-des-activites-populaires\\\/#breadcrumb\",\"itemListElement\":[{\"@type\":\"ListItem\",\"position\":1,\"name\":\"Portada\",\"item\":\"https:\\\/\\\/stg.chile.travel\\\/fr\\\/\"},{\"@type\":\"ListItem\",\"position\":2,\"name\":\"Incontournables\",\"item\":\"https:\\\/\\\/stg.chile.travel\\\/fr\\\/incontournables\\\/\"},{\"@type\":\"ListItem\",\"position\":3,\"name\":\"Top 10 des activit\u00e9s populaires\"}]},{\"@type\":\"WebSite\",\"@id\":\"https:\\\/\\\/stg.chile.travel\\\/fr\\\/#website\",\"url\":\"https:\\\/\\\/stg.chile.travel\\\/fr\\\/\",\"name\":\"Chile Travel\",\"description\":\"\",\"publisher\":{\"@id\":\"https:\\\/\\\/stg.chile.travel\\\/fr\\\/#organization\"},\"potentialAction\":[{\"@type\":\"SearchAction\",\"target\":{\"@type\":\"EntryPoint\",\"urlTemplate\":\"https:\\\/\\\/stg.chile.travel\\\/fr\\\/?s={search_term_string}\"},\"query-input\":{\"@type\":\"PropertyValueSpecification\",\"valueRequired\":true,\"valueName\":\"search_term_string\"}}],\"inLanguage\":\"fr-FR\"},{\"@type\":\"Organization\",\"@id\":\"https:\\\/\\\/stg.chile.travel\\\/fr\\\/#organization\",\"name\":\"Chile Travel\",\"url\":\"https:\\\/\\\/stg.chile.travel\\\/fr\\\/\",\"logo\":{\"@type\":\"ImageObject\",\"inLanguage\":\"fr-FR\",\"@id\":\"https:\\\/\\\/stg.chile.travel\\\/fr\\\/#\\\/schema\\\/logo\\\/image\\\/\",\"url\":\"https:\\\/\\\/chile.travel\\\/wp-content\\\/uploads\\\/2025\\\/12\\\/84152706-logo-travel.svg\",\"contentUrl\":\"https:\\\/\\\/chile.travel\\\/wp-content\\\/uploads\\\/2025\\\/12\\\/84152706-logo-travel.svg\",\"width\":189,\"height\":225,\"caption\":\"Chile Travel\"},\"image\":{\"@id\":\"https:\\\/\\\/stg.chile.travel\\\/fr\\\/#\\\/schema\\\/logo\\\/image\\\/\"}}]}<\/script>\n<!-- \/ Yoast SEO plugin. -->","yoast_head_json":{"title":"Top 10 des activit\u00e9s populaires - Chile Travel","description":"\u00bfVous cherchez que faire au Chili ? D\u00e9couvrez les activit\u00e9s incontournables : du trekking en Patagonie et l'astroturisme \u00e0 Atacama aux routes des vins.","robots":{"index":"index","follow":"follow","max-snippet":"max-snippet:-1","max-image-preview":"max-image-preview:large","max-video-preview":"max-video-preview:-1"},"canonical":"https:\/\/chile.travel\/fr\/incontournables\/top-10-des-activites-populaires\/","og_locale":"fr_FR","og_type":"article","og_title":"Top 10 des activit\u00e9s populaires - Chile Travel","og_description":"\u00bfVous cherchez que faire au Chili ? D\u00e9couvrez les activit\u00e9s incontournables : du trekking en Patagonie et l'astroturisme \u00e0 Atacama aux routes des vins.","og_url":"https:\/\/chile.travel\/fr\/incontournables\/top-10-des-activites-populaires\/","og_site_name":"Chile Travel","article_modified_time":"2026-01-09T17:38:51+00:00","og_image":[{"width":1920,"height":1281,"url":"http:\/\/stg.chile.travel\/wp-content\/uploads\/2024\/10\/4c39a3d4-lago-todos-los-santos.jpg","type":"image\/jpeg"}],"twitter_card":"summary_large_image","twitter_misc":{"Dur\u00e9e de lecture estim\u00e9e":"1 minute"},"schema":{"@context":"https:\/\/schema.org","@graph":[{"@type":"WebPage","@id":"https:\/\/chile.travel\/fr\/incontournables\/top-10-des-activites-populaires\/","url":"https:\/\/chile.travel\/fr\/incontournables\/top-10-des-activites-populaires\/","name":"Top 10 des activit\u00e9s populaires - Chile Travel","isPartOf":{"@id":"https:\/\/stg.chile.travel\/fr\/#website"},"primaryImageOfPage":{"@id":"https:\/\/chile.travel\/fr\/incontournables\/top-10-des-activites-populaires\/#primaryimage"},"image":{"@id":"https:\/\/chile.travel\/fr\/incontournables\/top-10-des-activites-populaires\/#primaryimage"},"thumbnailUrl":"https:\/\/chile.travel\/wp-content\/uploads\/2024\/10\/4c39a3d4-lago-todos-los-santos.jpg","datePublished":"2024-09-25T19:58:04+00:00","dateModified":"2026-01-09T17:38:51+00:00","description":"\u00bfVous cherchez que faire au Chili ? D\u00e9couvrez les activit\u00e9s incontournables : du trekking en Patagonie et l'astroturisme \u00e0 Atacama aux routes des vins.","breadcrumb":{"@id":"https:\/\/chile.travel\/fr\/incontournables\/top-10-des-activites-populaires\/#breadcrumb"},"inLanguage":"fr-FR","potentialAction":[{"@type":"ReadAction","target":["https:\/\/chile.travel\/fr\/incontournables\/top-10-des-activites-populaires\/"]}]},{"@type":"ImageObject","inLanguage":"fr-FR","@id":"https:\/\/chile.travel\/fr\/incontournables\/top-10-des-activites-populaires\/#primaryimage","url":"https:\/\/chile.travel\/wp-content\/uploads\/2024\/10\/4c39a3d4-lago-todos-los-santos.jpg","contentUrl":"https:\/\/chile.travel\/wp-content\/uploads\/2024\/10\/4c39a3d4-lago-todos-los-santos.jpg","width":1920,"height":1281},{"@type":"BreadcrumbList","@id":"https:\/\/chile.travel\/fr\/incontournables\/top-10-des-activites-populaires\/#breadcrumb","itemListElement":[{"@type":"ListItem","position":1,"name":"Portada","item":"https:\/\/stg.chile.travel\/fr\/"},{"@type":"ListItem","position":2,"name":"Incontournables","item":"https:\/\/stg.chile.travel\/fr\/incontournables\/"},{"@type":"ListItem","position":3,"name":"Top 10 des activit\u00e9s populaires"}]},{"@type":"WebSite","@id":"https:\/\/stg.chile.travel\/fr\/#website","url":"https:\/\/stg.chile.travel\/fr\/","name":"Chile Travel","description":"","publisher":{"@id":"https:\/\/stg.chile.travel\/fr\/#organization"},"potentialAction":[{"@type":"SearchAction","target":{"@type":"EntryPoint","urlTemplate":"https:\/\/stg.chile.travel\/fr\/?s={search_term_string}"},"query-input":{"@type":"PropertyValueSpecification","valueRequired":true,"valueName":"search_term_string"}}],"inLanguage":"fr-FR"},{"@type":"Organization","@id":"https:\/\/stg.chile.travel\/fr\/#organization","name":"Chile Travel","url":"https:\/\/stg.chile.travel\/fr\/","logo":{"@type":"ImageObject","inLanguage":"fr-FR","@id":"https:\/\/stg.chile.travel\/fr\/#\/schema\/logo\/image\/","url":"https:\/\/chile.travel\/wp-content\/uploads\/2025\/12\/84152706-logo-travel.svg","contentUrl":"https:\/\/chile.travel\/wp-content\/uploads\/2025\/12\/84152706-logo-travel.svg","width":189,"height":225,"caption":"Chile Travel"},"image":{"@id":"https:\/\/stg.chile.travel\/fr\/#\/schema\/logo\/image\/"}}]}},"_links":{"self":[{"href":"https:\/\/chile.travel\/fr\/wp-json\/wp\/v2\/pages\/89957","targetHints":{"allow":["GET"]}}],"collection":[{"href":"https:\/\/chile.travel\/fr\/wp-json\/wp\/v2\/pages"}],"about":[{"href":"https:\/\/chile.travel\/fr\/wp-json\/wp\/v2\/types\/page"}],"author":[{"embeddable":true,"href":"https:\/\/chile.travel\/fr\/wp-json\/wp\/v2\/users\/2"}],"replies":[{"embeddable":true,"href":"https:\/\/chile.travel\/fr\/wp-json\/wp\/v2\/comments?post=89957"}],"version-history":[{"count":1,"href":"https:\/\/chile.travel\/fr\/wp-json\/wp\/v2\/pages\/89957\/revisions"}],"predecessor-version":[{"id":89958,"href":"https:\/\/chile.travel\/fr\/wp-json\/wp\/v2\/pages\/89957\/revisions\/89958"}],"up":[{"embeddable":true,"href":"https:\/\/chile.travel\/fr\/wp-json\/wp\/v2\/pages\/81421"}],"wp:featuredmedia":[{"embeddable":true,"href":"https:\/\/chile.travel\/fr\/wp-json\/wp\/v2\/media\/86353"}],"wp:attachment":[{"href":"https:\/\/chile.travel\/fr\/wp-json\/wp\/v2\/media?parent=89957"}],"wp:term":[{"taxonomy":"destacado","embeddable":true,"href":"https:\/\/chile.travel\/fr\/wp-json\/wp\/v2\/destacado?post=89957"}],"curies":[{"name":"wp","href":"https:\/\/api.w.org\/{rel}","templated":true}]}}