






{"id":81959,"date":"2024-10-11T12:31:06","date_gmt":"2024-10-11T15:31:06","guid":{"rendered":"https:\/\/chile.travel\/?page_id=81959"},"modified":"2025-12-16T17:04:16","modified_gmt":"2025-12-16T20:04:16","slug":"politiques-de-confidentialite","status":"publish","type":"page","link":"https:\/\/chile.travel\/fr\/politiques-de-confidentialite\/","title":{"rendered":"Politiques de confidentialit\u00e9"},"content":{"rendered":"\n<h2 class=\"wp-block-heading\"><mark style=\"background-color:rgba(0, 0, 0, 0);color:#456aeb\" class=\"has-inline-color\"><strong>Introduction<\/strong><\/mark><\/h2>\n\n\n\n<p>L&rsquo;<strong>article 9<\/strong> du <strong>D\u00e9cret Supr\u00eame n\u00b0 100 de 2006<\/strong>, du Minist\u00e8re Secr\u00e9tariat G\u00e9n\u00e9ral de la Pr\u00e9sidence, <strong>pr\u00e9voit<\/strong> que les <strong>organismes<\/strong> de l&rsquo;<strong>Administration<\/strong> d&rsquo;\u00c9tat <strong>devront<\/strong> adopter, maintenir et <strong>d\u00e9clarer<\/strong> une <strong>Politique de Confidentialit\u00e9<\/strong> de leur <strong>site web<\/strong> respectif, et qu&rsquo;elle <strong>devra<\/strong> \u00eatre <strong>accessible<\/strong> depuis leur premi\u00e8re page.<\/p>\n\n\n\n<p>Bien que le champ d&rsquo;application de la r\u00e9glementation soit circonscrit aux organismes de l&rsquo;Administration d&rsquo;\u00c9tat et ne s&rsquo;<strong>\u00e9tende<\/strong> pas aux autres organes de l&rsquo;\u00c9tat, cela ne les <strong>emp\u00eache<\/strong> pas d&rsquo;adopter des \u00ab Politiques de Confidentialit\u00e9 \u00bb similaires, compte tenu de l&rsquo;offre croissante de services en ligne.<\/p>\n\n\n\n<p>L&rsquo;inclusion de l&rsquo;information contempl\u00e9e dans une \u00ab\u00a0Politique de Confidentialit\u00e9\u00a0\u00bb depuis la page d&rsquo;accueil du site web des organismes publics vise \u00e0 conf\u00e9rer une <strong>certitude<\/strong> aux citoyens concernant le traitement des <strong>donn\u00e9es<\/strong> personnelles qui se <strong>v\u00e9rifiera<\/strong> sur le <strong>site<\/strong>, ainsi que les <strong>droits<\/strong> dont on est <strong>titulaire<\/strong> et la <strong>mani\u00e8re<\/strong> de les exercer, en anticipant cette connaissance \u00e0 l&rsquo;utilisation m\u00eame des ressources disponibles sur <strong>celui-ci<\/strong>.<\/p>\n\n\n\n<p><strong>De plus<\/strong>, l&rsquo;<strong>article 7<\/strong> du <strong>d\u00e9cret<\/strong> mentionn\u00e9 pr\u00e9cise les <strong>mentions<\/strong> que la \u00ab\u00a0Politique de Confidentialit\u00e9\u00a0\u00bb <strong>doit<\/strong> inclure, au moins. Il est important de souligner que l&rsquo;information fournie par les portails du <strong>SERNATUR<\/strong> cherche \u00e0 se situer au-dessus du standard l\u00e9gal en vigueur, car elle met l&rsquo;accent sur la diffusion des droits citoyens, sans pour autant porter atteinte aux facult\u00e9s des organismes publics de traiter les donn\u00e9es personnelles selon la r\u00e9glementation l\u00e9gale qui leur est applicable. Cependant, le d\u00e9cret lui-m\u00eame admet l&rsquo;inclusion d&rsquo;informations additionnelles au contenu minimal pr\u00e9vu en ligne.<\/p>\n\n\n\n<p><\/p>\n\n\n\n<h3 class=\"wp-block-heading\"><mark style=\"background-color:rgba(0, 0, 0, 0);color:#456aeb\" class=\"has-inline-color\"><strong>Politique de confidentialit\u00e9<\/strong><\/mark><\/h3>\n\n\n\n<p><strong>1. Utilisation des Donn\u00e9es Personnelles<\/strong><\/p>\n\n\n\n<p>Le SERNATUR d\u00e9finit l&rsquo;<strong>Utilisation des Donn\u00e9es Personnelles<\/strong> comme l&rsquo;ensemble des proc\u00e9dures techniques (automatis\u00e9es ou non) par lesquelles sont effectu\u00e9s l&rsquo;<strong>acquisition, l&rsquo;enregistrement, le stockage, l&rsquo;organisation, la conservation, la consultation, la modification, l&rsquo;utilisation, la suppression, le blocage, la communication<\/strong> (diffusion ou transfert). Cela inclut \u00e9galement toute forme de traitement facilitant l&rsquo;interconnexion, l&rsquo;acc\u00e8s et l&rsquo;ad\u00e9quation des donn\u00e9es personnelles recueillies.<\/p>\n\n\n\n<p>La <strong>finalit\u00e9<\/strong> de l&rsquo;utilisation des donn\u00e9es personnelles collect\u00e9es via ses diff\u00e9rents canaux sera conforme aux objectifs du SERNATUR, \u00e0 savoir :<\/p>\n\n\n\n<ul class=\"wp-block-list\">\n<li>Promotion Internationale du Chili comme destination touristique.<\/li>\n\n\n\n<li>Optimiser l&rsquo;exp\u00e9rience utilisateur sur nos canaux.<\/li>\n<\/ul>\n\n\n\n<p>Les donn\u00e9es personnelles sont collect\u00e9es uniquement aux fins mentionn\u00e9es ci-dessus. Sont <strong>exclus<\/strong> de cette restriction les usages potentiels dans des actions \u00e0 caract\u00e8re statistique, o\u00f9 l&rsquo;<strong>anonymat<\/strong> de l&rsquo;information est assur\u00e9.<\/p>\n\n\n\n<p><\/p>\n\n\n\n<h4 class=\"wp-block-heading\">2. Consentement<\/h4>\n\n\n\n<p>Le SERNATUR fera usage des donn\u00e9es personnelles avec le consentement pr\u00e9alable, expr\u00e8s et \u00e9clair\u00e9 du titulaire des donn\u00e9es, l&rsquo;acte de les fournir valant consentement pour leur utilisation.<\/p>\n\n\n\n<p><\/p>\n\n\n\n<h4 class=\"wp-block-heading\">3. Transfert des Donn\u00e9es Personnelles<\/h4>\n\n\n\n<p>Les donn\u00e9es personnelles collect\u00e9es par le SERNATUR ne seront pas transmises \u00e0 des tiers, \u00e0 l&rsquo;exception des cas suivants :<\/p>\n\n\n\n<ul class=\"wp-block-list\">\n<li>Le SERNATUR pourra communiquer \u00e0 d&rsquo;autres organismes d&rsquo;\u00c9tat les donn\u00e9es personnelles de ses utilisateurs, \u00e0 condition qu&rsquo;il existe une demande \u00e0 cet effet, en proc\u00e9dant \u00e0 la communication des donn\u00e9es personnelles des utilisateurs qui lui sont demand\u00e9es.<\/li>\n\n\n\n<li>Le SERNATUR pourra communiquer \u00e0 des tiers des informations statistiques \u00e9labor\u00e9es \u00e0 partir des donn\u00e9es personnelles de ses utilisateurs, sans le consentement expr\u00e8s du titulaire, lorsque ces donn\u00e9es ne permettent pas d&rsquo;identifier individuellement les titulaires, conform\u00e9ment \u00e0 la Loi.<\/li>\n<\/ul>\n\n\n\n<p><\/p>\n\n\n\n<h4 class=\"wp-block-heading\">4. Utilisation des Cookies et Confidentialit\u00e9<\/h4>\n\n\n\n<p>Le SERNATUR utilise des technologies sur ses sites web pour la collecte de donn\u00e9es sur ses plateformes, incluant :<\/p>\n\n\n\n<ul class=\"wp-block-list\">\n<li>Adresse IP<\/li>\n\n\n\n<li>Type de navigateur<\/li>\n\n\n\n<li>Pages internes du site que l&rsquo;utilisateur visite<\/li>\n\n\n\n<li>Sites web diff\u00e9rents de www.chile.travel que l&rsquo;utilisateur a visit\u00e9s avant d&rsquo;entrer sur le site<\/li>\n<\/ul>\n\n\n\n<p>Les <strong>cookies<\/strong> sont une technologie d&rsquo;enregistrement qui <strong>NE<\/strong> recueille aucune donn\u00e9e personnelle, comme le nom ou l&rsquo;adresse e-mail, mais elles sont utilis\u00e9es pour d\u00e9terminer quel contenu est le plus consult\u00e9 et pour l&rsquo;<strong>optimisation<\/strong> de l&rsquo;exp\u00e9rience utilisateur. En les d\u00e9sactivant, ces fonctions sont \u00e9galement d\u00e9sactiv\u00e9es.<\/p>\n\n\n\n<p><\/p>\n\n\n\n<h4 class=\"wp-block-heading\">5. Concernant les Droits des Utilisateurs sur les Donn\u00e9es Recueillies<\/h4>\n\n\n\n<p>L&rsquo;utilisateur pourra \u00e0 tout moment exercer les droits accord\u00e9s par la <strong>Loi n\u00b0 19.628<\/strong> et ses modifications ult\u00e9rieures. Plus <strong>sp\u00e9cifiquement<\/strong> concernant le <strong>site chile.travel<\/strong>, il pourra :<\/p>\n\n\n\n<ul class=\"wp-block-list\">\n<li>a) Demander des <strong>informations<\/strong> concernant les banques de <strong>donn\u00e9es<\/strong> dont les <strong>organismes<\/strong> sont responsables, le fondement juridique de leur existence, leur finalit\u00e9, les types de donn\u00e9es stock\u00e9es et la description de l&rsquo;univers des personnes qu&rsquo;elles <strong>comprennent<\/strong>.<\/li>\n\n\n\n<li>b) Demander des <strong>informations<\/strong> sur les donn\u00e9es relatives \u00e0 sa personne, leur provenance et destinataire, le but du stockage et l&rsquo;individualisation des personnes ou organismes auxquels ses donn\u00e9es sont r\u00e9guli\u00e8rement transmises.<\/li>\n\n\n\n<li>c) Demander la <strong>suppression ou l&rsquo;annulation<\/strong> des donn\u00e9es fournies lorsqu&rsquo;il le souhaite, dans la mesure o\u00f9 cela est <strong>l\u00e9galement possible<\/strong>.<\/li>\n\n\n\n<li>d) S&rsquo;opposer \u00e0 ce que ses donn\u00e9es personnelles soient utilis\u00e9es \u00e0 des fins statistiques.<\/li>\n\n\n\n<li>e) Pour exercer ses droits, l&rsquo;utilisateur pourra utiliser les alternatives mises \u00e0 disposition par le Sernatur via son syst\u00e8me de contact.<\/li>\n<\/ul>\n","protected":false},"excerpt":{"rendered":"<p>Introduction L&rsquo;article 9 du D\u00e9cret Supr\u00eame n\u00b0 100 de 2006, du Minist\u00e8re Secr\u00e9tariat G\u00e9n\u00e9ral de la Pr\u00e9sidence, pr\u00e9voit que les organismes de l&rsquo;Administration d&rsquo;\u00c9tat devront adopter, maintenir et d\u00e9clarer une Politique de Confidentialit\u00e9 de leur site web respectif, et qu&rsquo;elle devra \u00eatre accessible depuis leur premi\u00e8re page. Bien que le champ d&rsquo;application de la r\u00e9glementation [&hellip;]<\/p>\n","protected":false},"author":17,"featured_media":81962,"parent":0,"menu_order":8,"comment_status":"closed","ping_status":"closed","template":"page-simple-template.php","meta":{"_acf_changed":false,"inline_featured_image":false,"powered_cache_disable_cache":false,"powered_cache_disable_lazyload":false,"powered_cache_disable_js_optimization":false,"footnotes":""},"destacado":[],"class_list":["post-81959","page","type-page","status-publish","has-post-thumbnail","hentry"],"acf":[],"yoast_head":"<!-- This site is optimized with the Yoast SEO plugin v27.5 - https:\/\/yoast.com\/product\/yoast-seo-wordpress\/ -->\n<title>Politiques de confidentialit\u00e9 - Chile Travel<\/title>\n<meta name=\"description\" content=\"D\u00e9couvrez l\u2019utilisation, le consentement et la protection de vos donn\u00e9es personnelles sur Chile Travel, y compris l\u2019utilisation de cookies et vos droits l\u00e9gaux.\" \/>\n<meta name=\"robots\" content=\"index, follow, max-snippet:-1, max-image-preview:large, max-video-preview:-1\" \/>\n<link rel=\"canonical\" href=\"https:\/\/chile.travel\/fr\/politiques-de-confidentialite\/\" \/>\n<meta property=\"og:locale\" content=\"fr_FR\" \/>\n<meta property=\"og:type\" content=\"article\" \/>\n<meta property=\"og:title\" content=\"Politiques de confidentialit\u00e9 - Chile Travel\" \/>\n<meta property=\"og:description\" content=\"D\u00e9couvrez l\u2019utilisation, le consentement et la protection de vos donn\u00e9es personnelles sur Chile Travel, y compris l\u2019utilisation de cookies et vos droits l\u00e9gaux.\" \/>\n<meta property=\"og:url\" content=\"https:\/\/chile.travel\/fr\/politiques-de-confidentialite\/\" \/>\n<meta property=\"og:site_name\" content=\"Chile Travel\" \/>\n<meta property=\"article:modified_time\" content=\"2025-12-16T20:04:16+00:00\" \/>\n<meta property=\"og:image\" content=\"http:\/\/stg.chile.travel\/wp-content\/uploads\/2024\/10\/b487d659-politicas.png\" \/>\n\t<meta property=\"og:image:width\" content=\"1024\" \/>\n\t<meta property=\"og:image:height\" content=\"683\" \/>\n\t<meta property=\"og:image:type\" content=\"image\/png\" \/>\n<meta name=\"twitter:card\" content=\"summary_large_image\" \/>\n<meta name=\"twitter:label1\" content=\"Dur\u00e9e de lecture estim\u00e9e\" \/>\n\t<meta name=\"twitter:data1\" content=\"4 minutes\" \/>\n<script type=\"application\/ld+json\" class=\"yoast-schema-graph\">{\"@context\":\"https:\\\/\\\/schema.org\",\"@graph\":[{\"@type\":\"WebPage\",\"@id\":\"https:\\\/\\\/chile.travel\\\/fr\\\/politiques-de-confidentialite\\\/\",\"url\":\"https:\\\/\\\/chile.travel\\\/fr\\\/politiques-de-confidentialite\\\/\",\"name\":\"Politiques de confidentialit\u00e9 - Chile Travel\",\"isPartOf\":{\"@id\":\"https:\\\/\\\/stg.chile.travel\\\/fr\\\/#website\"},\"primaryImageOfPage\":{\"@id\":\"https:\\\/\\\/chile.travel\\\/fr\\\/politiques-de-confidentialite\\\/#primaryimage\"},\"image\":{\"@id\":\"https:\\\/\\\/chile.travel\\\/fr\\\/politiques-de-confidentialite\\\/#primaryimage\"},\"thumbnailUrl\":\"https:\\\/\\\/chile.travel\\\/wp-content\\\/uploads\\\/2024\\\/10\\\/b487d659-politicas.png\",\"datePublished\":\"2024-10-11T15:31:06+00:00\",\"dateModified\":\"2025-12-16T20:04:16+00:00\",\"description\":\"D\u00e9couvrez l\u2019utilisation, le consentement et la protection de vos donn\u00e9es personnelles sur Chile Travel, y compris l\u2019utilisation de cookies et vos droits l\u00e9gaux.\",\"breadcrumb\":{\"@id\":\"https:\\\/\\\/chile.travel\\\/fr\\\/politiques-de-confidentialite\\\/#breadcrumb\"},\"inLanguage\":\"fr-FR\",\"potentialAction\":[{\"@type\":\"ReadAction\",\"target\":[\"https:\\\/\\\/chile.travel\\\/fr\\\/politiques-de-confidentialite\\\/\"]}]},{\"@type\":\"ImageObject\",\"inLanguage\":\"fr-FR\",\"@id\":\"https:\\\/\\\/chile.travel\\\/fr\\\/politiques-de-confidentialite\\\/#primaryimage\",\"url\":\"https:\\\/\\\/chile.travel\\\/wp-content\\\/uploads\\\/2024\\\/10\\\/b487d659-politicas.png\",\"contentUrl\":\"https:\\\/\\\/chile.travel\\\/wp-content\\\/uploads\\\/2024\\\/10\\\/b487d659-politicas.png\",\"width\":2056,\"height\":1371},{\"@type\":\"BreadcrumbList\",\"@id\":\"https:\\\/\\\/chile.travel\\\/fr\\\/politiques-de-confidentialite\\\/#breadcrumb\",\"itemListElement\":[{\"@type\":\"ListItem\",\"position\":1,\"name\":\"Portada\",\"item\":\"https:\\\/\\\/stg.chile.travel\\\/fr\\\/\"},{\"@type\":\"ListItem\",\"position\":2,\"name\":\"Politiques de confidentialit\u00e9\"}]},{\"@type\":\"WebSite\",\"@id\":\"https:\\\/\\\/stg.chile.travel\\\/fr\\\/#website\",\"url\":\"https:\\\/\\\/stg.chile.travel\\\/fr\\\/\",\"name\":\"Chile Travel\",\"description\":\"\",\"publisher\":{\"@id\":\"https:\\\/\\\/stg.chile.travel\\\/fr\\\/#organization\"},\"potentialAction\":[{\"@type\":\"SearchAction\",\"target\":{\"@type\":\"EntryPoint\",\"urlTemplate\":\"https:\\\/\\\/stg.chile.travel\\\/fr\\\/?s={search_term_string}\"},\"query-input\":{\"@type\":\"PropertyValueSpecification\",\"valueRequired\":true,\"valueName\":\"search_term_string\"}}],\"inLanguage\":\"fr-FR\"},{\"@type\":\"Organization\",\"@id\":\"https:\\\/\\\/stg.chile.travel\\\/fr\\\/#organization\",\"name\":\"Chile Travel\",\"url\":\"https:\\\/\\\/stg.chile.travel\\\/fr\\\/\",\"logo\":{\"@type\":\"ImageObject\",\"inLanguage\":\"fr-FR\",\"@id\":\"https:\\\/\\\/stg.chile.travel\\\/fr\\\/#\\\/schema\\\/logo\\\/image\\\/\",\"url\":\"https:\\\/\\\/chile.travel\\\/wp-content\\\/uploads\\\/2025\\\/12\\\/84152706-logo-travel.svg\",\"contentUrl\":\"https:\\\/\\\/chile.travel\\\/wp-content\\\/uploads\\\/2025\\\/12\\\/84152706-logo-travel.svg\",\"width\":189,\"height\":225,\"caption\":\"Chile Travel\"},\"image\":{\"@id\":\"https:\\\/\\\/stg.chile.travel\\\/fr\\\/#\\\/schema\\\/logo\\\/image\\\/\"}}]}<\/script>\n<!-- \/ Yoast SEO plugin. -->","yoast_head_json":{"title":"Politiques de confidentialit\u00e9 - Chile Travel","description":"D\u00e9couvrez l\u2019utilisation, le consentement et la protection de vos donn\u00e9es personnelles sur Chile Travel, y compris l\u2019utilisation de cookies et vos droits l\u00e9gaux.","robots":{"index":"index","follow":"follow","max-snippet":"max-snippet:-1","max-image-preview":"max-image-preview:large","max-video-preview":"max-video-preview:-1"},"canonical":"https:\/\/chile.travel\/fr\/politiques-de-confidentialite\/","og_locale":"fr_FR","og_type":"article","og_title":"Politiques de confidentialit\u00e9 - Chile Travel","og_description":"D\u00e9couvrez l\u2019utilisation, le consentement et la protection de vos donn\u00e9es personnelles sur Chile Travel, y compris l\u2019utilisation de cookies et vos droits l\u00e9gaux.","og_url":"https:\/\/chile.travel\/fr\/politiques-de-confidentialite\/","og_site_name":"Chile Travel","article_modified_time":"2025-12-16T20:04:16+00:00","og_image":[{"url":"http:\/\/stg.chile.travel\/wp-content\/uploads\/2024\/10\/b487d659-politicas.png","width":1024,"height":683,"type":"image\/png"}],"twitter_card":"summary_large_image","twitter_misc":{"Dur\u00e9e de lecture estim\u00e9e":"4 minutes"},"schema":{"@context":"https:\/\/schema.org","@graph":[{"@type":"WebPage","@id":"https:\/\/chile.travel\/fr\/politiques-de-confidentialite\/","url":"https:\/\/chile.travel\/fr\/politiques-de-confidentialite\/","name":"Politiques de confidentialit\u00e9 - Chile Travel","isPartOf":{"@id":"https:\/\/stg.chile.travel\/fr\/#website"},"primaryImageOfPage":{"@id":"https:\/\/chile.travel\/fr\/politiques-de-confidentialite\/#primaryimage"},"image":{"@id":"https:\/\/chile.travel\/fr\/politiques-de-confidentialite\/#primaryimage"},"thumbnailUrl":"https:\/\/chile.travel\/wp-content\/uploads\/2024\/10\/b487d659-politicas.png","datePublished":"2024-10-11T15:31:06+00:00","dateModified":"2025-12-16T20:04:16+00:00","description":"D\u00e9couvrez l\u2019utilisation, le consentement et la protection de vos donn\u00e9es personnelles sur Chile Travel, y compris l\u2019utilisation de cookies et vos droits l\u00e9gaux.","breadcrumb":{"@id":"https:\/\/chile.travel\/fr\/politiques-de-confidentialite\/#breadcrumb"},"inLanguage":"fr-FR","potentialAction":[{"@type":"ReadAction","target":["https:\/\/chile.travel\/fr\/politiques-de-confidentialite\/"]}]},{"@type":"ImageObject","inLanguage":"fr-FR","@id":"https:\/\/chile.travel\/fr\/politiques-de-confidentialite\/#primaryimage","url":"https:\/\/chile.travel\/wp-content\/uploads\/2024\/10\/b487d659-politicas.png","contentUrl":"https:\/\/chile.travel\/wp-content\/uploads\/2024\/10\/b487d659-politicas.png","width":2056,"height":1371},{"@type":"BreadcrumbList","@id":"https:\/\/chile.travel\/fr\/politiques-de-confidentialite\/#breadcrumb","itemListElement":[{"@type":"ListItem","position":1,"name":"Portada","item":"https:\/\/stg.chile.travel\/fr\/"},{"@type":"ListItem","position":2,"name":"Politiques de confidentialit\u00e9"}]},{"@type":"WebSite","@id":"https:\/\/stg.chile.travel\/fr\/#website","url":"https:\/\/stg.chile.travel\/fr\/","name":"Chile Travel","description":"","publisher":{"@id":"https:\/\/stg.chile.travel\/fr\/#organization"},"potentialAction":[{"@type":"SearchAction","target":{"@type":"EntryPoint","urlTemplate":"https:\/\/stg.chile.travel\/fr\/?s={search_term_string}"},"query-input":{"@type":"PropertyValueSpecification","valueRequired":true,"valueName":"search_term_string"}}],"inLanguage":"fr-FR"},{"@type":"Organization","@id":"https:\/\/stg.chile.travel\/fr\/#organization","name":"Chile Travel","url":"https:\/\/stg.chile.travel\/fr\/","logo":{"@type":"ImageObject","inLanguage":"fr-FR","@id":"https:\/\/stg.chile.travel\/fr\/#\/schema\/logo\/image\/","url":"https:\/\/chile.travel\/wp-content\/uploads\/2025\/12\/84152706-logo-travel.svg","contentUrl":"https:\/\/chile.travel\/wp-content\/uploads\/2025\/12\/84152706-logo-travel.svg","width":189,"height":225,"caption":"Chile Travel"},"image":{"@id":"https:\/\/stg.chile.travel\/fr\/#\/schema\/logo\/image\/"}}]}},"_links":{"self":[{"href":"https:\/\/chile.travel\/fr\/wp-json\/wp\/v2\/pages\/81959","targetHints":{"allow":["GET"]}}],"collection":[{"href":"https:\/\/chile.travel\/fr\/wp-json\/wp\/v2\/pages"}],"about":[{"href":"https:\/\/chile.travel\/fr\/wp-json\/wp\/v2\/types\/page"}],"author":[{"embeddable":true,"href":"https:\/\/chile.travel\/fr\/wp-json\/wp\/v2\/users\/17"}],"replies":[{"embeddable":true,"href":"https:\/\/chile.travel\/fr\/wp-json\/wp\/v2\/comments?post=81959"}],"version-history":[{"count":4,"href":"https:\/\/chile.travel\/fr\/wp-json\/wp\/v2\/pages\/81959\/revisions"}],"predecessor-version":[{"id":82308,"href":"https:\/\/chile.travel\/fr\/wp-json\/wp\/v2\/pages\/81959\/revisions\/82308"}],"wp:featuredmedia":[{"embeddable":true,"href":"https:\/\/chile.travel\/fr\/wp-json\/wp\/v2\/media\/81962"}],"wp:attachment":[{"href":"https:\/\/chile.travel\/fr\/wp-json\/wp\/v2\/media?parent=81959"}],"wp:term":[{"taxonomy":"destacado","embeddable":true,"href":"https:\/\/chile.travel\/fr\/wp-json\/wp\/v2\/destacado?post=81959"}],"curies":[{"name":"wp","href":"https:\/\/api.w.org\/{rel}","templated":true}]}}