
{"id":81421,"date":"2024-05-29T18:56:30","date_gmt":"2024-05-29T22:56:30","guid":{"rendered":"https:\/\/chile.travel\/?page_id=81421"},"modified":"2026-01-09T14:42:38","modified_gmt":"2026-01-09T17:42:38","slug":"incontournables","status":"publish","type":"page","link":"https:\/\/chile.travel\/fr\/incontournables\/","title":{"rendered":"Incontournables"},"content":{"rendered":"","protected":false},"excerpt":{"rendered":"","protected":false},"author":2,"featured_media":81422,"parent":0,"menu_order":107,"comment_status":"closed","ping_status":"closed","template":"page-imperdibles.php","meta":{"_acf_changed":false,"inline_featured_image":false,"powered_cache_disable_cache":false,"powered_cache_disable_lazyload":false,"powered_cache_disable_js_optimization":false,"footnotes":""},"destacado":[],"class_list":["post-81421","page","type-page","status-publish","has-post-thumbnail","hentry"],"acf":[],"yoast_head":"<!-- This site is optimized with the Yoast SEO plugin v27.3 - https:\/\/yoast.com\/product\/yoast-seo-wordpress\/ -->\n<title>Incontournables pour votre visite au Chili - Chile Travel<\/title>\n<meta name=\"description\" content=\"D\u00e9couvrez les incontournables du Chili. Explorez des exp\u00e9riences uniques, du d\u00e9sert d\u2019Atacama \u00e0 la Patagonie, et planifiez votre voyage id\u00e9al. Entrez maintenant\u00a0!\" \/>\n<meta name=\"robots\" content=\"index, follow, max-snippet:-1, max-image-preview:large, max-video-preview:-1\" \/>\n<link rel=\"canonical\" href=\"https:\/\/chile.travel\/fr\/incontournables\/\" \/>\n<meta property=\"og:locale\" content=\"fr_FR\" \/>\n<meta property=\"og:type\" content=\"article\" \/>\n<meta property=\"og:title\" content=\"Incontournables pour votre visite au Chili - Chile Travel\" \/>\n<meta property=\"og:description\" content=\"D\u00e9couvrez les incontournables du Chili. Explorez des exp\u00e9riences uniques, du d\u00e9sert d\u2019Atacama \u00e0 la Patagonie, et planifiez votre voyage id\u00e9al. Entrez maintenant\u00a0!\" \/>\n<meta property=\"og:url\" content=\"https:\/\/chile.travel\/fr\/incontournables\/\" \/>\n<meta property=\"og:site_name\" content=\"Chile Travel\" \/>\n<meta property=\"article:modified_time\" content=\"2026-01-09T17:42:38+00:00\" \/>\n<meta property=\"og:image\" content=\"https:\/\/stg.chile.travel\/wp-content\/uploads\/2025\/08\/78ccf4fa-destinos_cajon-del-maipo.jpg\" \/>\n\t<meta property=\"og:image:width\" content=\"2300\" \/>\n\t<meta property=\"og:image:height\" content=\"1533\" \/>\n\t<meta property=\"og:image:type\" content=\"image\/jpeg\" \/>\n<meta name=\"twitter:card\" content=\"summary_large_image\" \/>\n<script type=\"application\/ld+json\" class=\"yoast-schema-graph\">{\"@context\":\"https:\\\/\\\/schema.org\",\"@graph\":[{\"@type\":\"WebPage\",\"@id\":\"https:\\\/\\\/chile.travel\\\/fr\\\/incontournables\\\/\",\"url\":\"https:\\\/\\\/chile.travel\\\/fr\\\/incontournables\\\/\",\"name\":\"Incontournables pour votre visite au Chili - Chile Travel\",\"isPartOf\":{\"@id\":\"https:\\\/\\\/stg.chile.travel\\\/fr\\\/#website\"},\"primaryImageOfPage\":{\"@id\":\"https:\\\/\\\/chile.travel\\\/fr\\\/incontournables\\\/#primaryimage\"},\"image\":{\"@id\":\"https:\\\/\\\/chile.travel\\\/fr\\\/incontournables\\\/#primaryimage\"},\"thumbnailUrl\":\"https:\\\/\\\/chile.travel\\\/wp-content\\\/uploads\\\/2025\\\/08\\\/78ccf4fa-destinos_cajon-del-maipo.jpg\",\"datePublished\":\"2024-05-29T22:56:30+00:00\",\"dateModified\":\"2026-01-09T17:42:38+00:00\",\"description\":\"D\u00e9couvrez les incontournables du Chili. Explorez des exp\u00e9riences uniques, du d\u00e9sert d\u2019Atacama \u00e0 la Patagonie, et planifiez votre voyage id\u00e9al. Entrez maintenant\u00a0!\",\"breadcrumb\":{\"@id\":\"https:\\\/\\\/chile.travel\\\/fr\\\/incontournables\\\/#breadcrumb\"},\"inLanguage\":\"fr-FR\",\"potentialAction\":[{\"@type\":\"ReadAction\",\"target\":[\"https:\\\/\\\/chile.travel\\\/fr\\\/incontournables\\\/\"]}]},{\"@type\":\"ImageObject\",\"inLanguage\":\"fr-FR\",\"@id\":\"https:\\\/\\\/chile.travel\\\/fr\\\/incontournables\\\/#primaryimage\",\"url\":\"https:\\\/\\\/chile.travel\\\/wp-content\\\/uploads\\\/2025\\\/08\\\/78ccf4fa-destinos_cajon-del-maipo.jpg\",\"contentUrl\":\"https:\\\/\\\/chile.travel\\\/wp-content\\\/uploads\\\/2025\\\/08\\\/78ccf4fa-destinos_cajon-del-maipo.jpg\",\"width\":2300,\"height\":1533},{\"@type\":\"BreadcrumbList\",\"@id\":\"https:\\\/\\\/chile.travel\\\/fr\\\/incontournables\\\/#breadcrumb\",\"itemListElement\":[{\"@type\":\"ListItem\",\"position\":1,\"name\":\"Portada\",\"item\":\"https:\\\/\\\/stg.chile.travel\\\/fr\\\/\"},{\"@type\":\"ListItem\",\"position\":2,\"name\":\"Incontournables\"}]},{\"@type\":\"WebSite\",\"@id\":\"https:\\\/\\\/stg.chile.travel\\\/fr\\\/#website\",\"url\":\"https:\\\/\\\/stg.chile.travel\\\/fr\\\/\",\"name\":\"Chile Travel\",\"description\":\"\",\"publisher\":{\"@id\":\"https:\\\/\\\/stg.chile.travel\\\/fr\\\/#organization\"},\"potentialAction\":[{\"@type\":\"SearchAction\",\"target\":{\"@type\":\"EntryPoint\",\"urlTemplate\":\"https:\\\/\\\/stg.chile.travel\\\/fr\\\/?s={search_term_string}\"},\"query-input\":{\"@type\":\"PropertyValueSpecification\",\"valueRequired\":true,\"valueName\":\"search_term_string\"}}],\"inLanguage\":\"fr-FR\"},{\"@type\":\"Organization\",\"@id\":\"https:\\\/\\\/stg.chile.travel\\\/fr\\\/#organization\",\"name\":\"Chile Travel\",\"url\":\"https:\\\/\\\/stg.chile.travel\\\/fr\\\/\",\"logo\":{\"@type\":\"ImageObject\",\"inLanguage\":\"fr-FR\",\"@id\":\"https:\\\/\\\/stg.chile.travel\\\/fr\\\/#\\\/schema\\\/logo\\\/image\\\/\",\"url\":\"https:\\\/\\\/chile.travel\\\/wp-content\\\/uploads\\\/2025\\\/12\\\/84152706-logo-travel.svg\",\"contentUrl\":\"https:\\\/\\\/chile.travel\\\/wp-content\\\/uploads\\\/2025\\\/12\\\/84152706-logo-travel.svg\",\"width\":189,\"height\":225,\"caption\":\"Chile Travel\"},\"image\":{\"@id\":\"https:\\\/\\\/stg.chile.travel\\\/fr\\\/#\\\/schema\\\/logo\\\/image\\\/\"}}]}<\/script>\n<!-- \/ Yoast SEO plugin. -->","yoast_head_json":{"title":"Incontournables pour votre visite au Chili - Chile Travel","description":"D\u00e9couvrez les incontournables du Chili. Explorez des exp\u00e9riences uniques, du d\u00e9sert d\u2019Atacama \u00e0 la Patagonie, et planifiez votre voyage id\u00e9al. Entrez maintenant\u00a0!","robots":{"index":"index","follow":"follow","max-snippet":"max-snippet:-1","max-image-preview":"max-image-preview:large","max-video-preview":"max-video-preview:-1"},"canonical":"https:\/\/chile.travel\/fr\/incontournables\/","og_locale":"fr_FR","og_type":"article","og_title":"Incontournables pour votre visite au Chili - Chile Travel","og_description":"D\u00e9couvrez les incontournables du Chili. Explorez des exp\u00e9riences uniques, du d\u00e9sert d\u2019Atacama \u00e0 la Patagonie, et planifiez votre voyage id\u00e9al. Entrez maintenant\u00a0!","og_url":"https:\/\/chile.travel\/fr\/incontournables\/","og_site_name":"Chile Travel","article_modified_time":"2026-01-09T17:42:38+00:00","og_image":[{"width":2300,"height":1533,"url":"https:\/\/stg.chile.travel\/wp-content\/uploads\/2025\/08\/78ccf4fa-destinos_cajon-del-maipo.jpg","type":"image\/jpeg"}],"twitter_card":"summary_large_image","schema":{"@context":"https:\/\/schema.org","@graph":[{"@type":"WebPage","@id":"https:\/\/chile.travel\/fr\/incontournables\/","url":"https:\/\/chile.travel\/fr\/incontournables\/","name":"Incontournables pour votre visite au Chili - Chile Travel","isPartOf":{"@id":"https:\/\/stg.chile.travel\/fr\/#website"},"primaryImageOfPage":{"@id":"https:\/\/chile.travel\/fr\/incontournables\/#primaryimage"},"image":{"@id":"https:\/\/chile.travel\/fr\/incontournables\/#primaryimage"},"thumbnailUrl":"https:\/\/chile.travel\/wp-content\/uploads\/2025\/08\/78ccf4fa-destinos_cajon-del-maipo.jpg","datePublished":"2024-05-29T22:56:30+00:00","dateModified":"2026-01-09T17:42:38+00:00","description":"D\u00e9couvrez les incontournables du Chili. Explorez des exp\u00e9riences uniques, du d\u00e9sert d\u2019Atacama \u00e0 la Patagonie, et planifiez votre voyage id\u00e9al. Entrez maintenant\u00a0!","breadcrumb":{"@id":"https:\/\/chile.travel\/fr\/incontournables\/#breadcrumb"},"inLanguage":"fr-FR","potentialAction":[{"@type":"ReadAction","target":["https:\/\/chile.travel\/fr\/incontournables\/"]}]},{"@type":"ImageObject","inLanguage":"fr-FR","@id":"https:\/\/chile.travel\/fr\/incontournables\/#primaryimage","url":"https:\/\/chile.travel\/wp-content\/uploads\/2025\/08\/78ccf4fa-destinos_cajon-del-maipo.jpg","contentUrl":"https:\/\/chile.travel\/wp-content\/uploads\/2025\/08\/78ccf4fa-destinos_cajon-del-maipo.jpg","width":2300,"height":1533},{"@type":"BreadcrumbList","@id":"https:\/\/chile.travel\/fr\/incontournables\/#breadcrumb","itemListElement":[{"@type":"ListItem","position":1,"name":"Portada","item":"https:\/\/stg.chile.travel\/fr\/"},{"@type":"ListItem","position":2,"name":"Incontournables"}]},{"@type":"WebSite","@id":"https:\/\/stg.chile.travel\/fr\/#website","url":"https:\/\/stg.chile.travel\/fr\/","name":"Chile Travel","description":"","publisher":{"@id":"https:\/\/stg.chile.travel\/fr\/#organization"},"potentialAction":[{"@type":"SearchAction","target":{"@type":"EntryPoint","urlTemplate":"https:\/\/stg.chile.travel\/fr\/?s={search_term_string}"},"query-input":{"@type":"PropertyValueSpecification","valueRequired":true,"valueName":"search_term_string"}}],"inLanguage":"fr-FR"},{"@type":"Organization","@id":"https:\/\/stg.chile.travel\/fr\/#organization","name":"Chile Travel","url":"https:\/\/stg.chile.travel\/fr\/","logo":{"@type":"ImageObject","inLanguage":"fr-FR","@id":"https:\/\/stg.chile.travel\/fr\/#\/schema\/logo\/image\/","url":"https:\/\/chile.travel\/wp-content\/uploads\/2025\/12\/84152706-logo-travel.svg","contentUrl":"https:\/\/chile.travel\/wp-content\/uploads\/2025\/12\/84152706-logo-travel.svg","width":189,"height":225,"caption":"Chile Travel"},"image":{"@id":"https:\/\/stg.chile.travel\/fr\/#\/schema\/logo\/image\/"}}]}},"_links":{"self":[{"href":"https:\/\/chile.travel\/fr\/wp-json\/wp\/v2\/pages\/81421","targetHints":{"allow":["GET"]}}],"collection":[{"href":"https:\/\/chile.travel\/fr\/wp-json\/wp\/v2\/pages"}],"about":[{"href":"https:\/\/chile.travel\/fr\/wp-json\/wp\/v2\/types\/page"}],"author":[{"embeddable":true,"href":"https:\/\/chile.travel\/fr\/wp-json\/wp\/v2\/users\/2"}],"replies":[{"embeddable":true,"href":"https:\/\/chile.travel\/fr\/wp-json\/wp\/v2\/comments?post=81421"}],"version-history":[{"count":1,"href":"https:\/\/chile.travel\/fr\/wp-json\/wp\/v2\/pages\/81421\/revisions"}],"predecessor-version":[{"id":81423,"href":"https:\/\/chile.travel\/fr\/wp-json\/wp\/v2\/pages\/81421\/revisions\/81423"}],"wp:featuredmedia":[{"embeddable":true,"href":"https:\/\/chile.travel\/fr\/wp-json\/wp\/v2\/media\/81422"}],"wp:attachment":[{"href":"https:\/\/chile.travel\/fr\/wp-json\/wp\/v2\/media?parent=81421"}],"wp:term":[{"taxonomy":"destacado","embeddable":true,"href":"https:\/\/chile.travel\/fr\/wp-json\/wp\/v2\/destacado?post=81421"}],"curies":[{"name":"wp","href":"https:\/\/api.w.org\/{rel}","templated":true}]}}