
{"id":79566,"date":"2024-10-14T12:07:07","date_gmt":"2024-10-14T15:07:07","guid":{"rendered":"https:\/\/chile.travel\/datos-utiles-fr\/alimentation\/"},"modified":"2025-12-09T14:54:26","modified_gmt":"2025-12-09T17:54:26","slug":"alimentation","status":"publish","type":"page","link":"https:\/\/chile.travel\/fr\/infos-pratiques\/alimentation\/","title":{"rendered":"Alimentation"},"content":{"rendered":"","protected":false},"excerpt":{"rendered":"","protected":false},"author":17,"featured_media":79188,"parent":79199,"menu_order":66,"comment_status":"closed","ping_status":"closed","template":"page-datos-utiles-child.php","meta":{"_acf_changed":false,"inline_featured_image":false,"powered_cache_disable_cache":false,"powered_cache_disable_lazyload":false,"powered_cache_disable_js_optimization":false,"footnotes":""},"destacado":[],"class_list":["post-79566","page","type-page","status-publish","has-post-thumbnail","hentry"],"acf":[],"yoast_head":"<!-- This site is optimized with the Yoast SEO plugin v27.4 - https:\/\/yoast.com\/product\/yoast-seo-wordpress\/ -->\n<title>Alimentation - Chile Travel<\/title>\n<meta name=\"description\" content=\"Mangez serein. Conseils sur l&#039;eau potable, la cuisson des fruits de mer et la Mar\u00e9e Rouge. Nos recommandations d&#039;hygi\u00e8ne et sant\u00e9 ici.\" \/>\n<meta name=\"robots\" content=\"index, follow, max-snippet:-1, max-image-preview:large, max-video-preview:-1\" \/>\n<link rel=\"canonical\" href=\"https:\/\/chile.travel\/fr\/infos-pratiques\/alimentation\/\" \/>\n<meta property=\"og:locale\" content=\"fr_FR\" \/>\n<meta property=\"og:type\" content=\"article\" \/>\n<meta property=\"og:title\" content=\"Alimentation - Chile Travel\" \/>\n<meta property=\"og:description\" content=\"Mangez serein. Conseils sur l&#039;eau potable, la cuisson des fruits de mer et la Mar\u00e9e Rouge. Nos recommandations d&#039;hygi\u00e8ne et sant\u00e9 ici.\" \/>\n<meta property=\"og:url\" content=\"https:\/\/chile.travel\/fr\/infos-pratiques\/alimentation\/\" \/>\n<meta property=\"og:site_name\" content=\"Chile Travel\" \/>\n<meta property=\"article:modified_time\" content=\"2025-12-09T17:54:26+00:00\" \/>\n<meta property=\"og:image\" content=\"http:\/\/stg.chile.travel\/wp-content\/uploads\/2024\/10\/279f14c4-e070dea5-d1bk9-1.png\" \/>\n\t<meta property=\"og:image:width\" content=\"1443\" \/>\n\t<meta property=\"og:image:height\" content=\"780\" \/>\n\t<meta property=\"og:image:type\" content=\"image\/png\" \/>\n<meta name=\"twitter:card\" content=\"summary_large_image\" \/>\n<meta name=\"twitter:label1\" content=\"Dur\u00e9e de lecture estim\u00e9e\" \/>\n\t<meta name=\"twitter:data1\" content=\"1 minute\" \/>\n<script type=\"application\/ld+json\" class=\"yoast-schema-graph\">{\"@context\":\"https:\\\/\\\/schema.org\",\"@graph\":[{\"@type\":\"WebPage\",\"@id\":\"https:\\\/\\\/chile.travel\\\/fr\\\/infos-pratiques\\\/alimentation\\\/\",\"url\":\"https:\\\/\\\/chile.travel\\\/fr\\\/infos-pratiques\\\/alimentation\\\/\",\"name\":\"Alimentation - Chile Travel\",\"isPartOf\":{\"@id\":\"https:\\\/\\\/stg.chile.travel\\\/fr\\\/#website\"},\"primaryImageOfPage\":{\"@id\":\"https:\\\/\\\/chile.travel\\\/fr\\\/infos-pratiques\\\/alimentation\\\/#primaryimage\"},\"image\":{\"@id\":\"https:\\\/\\\/chile.travel\\\/fr\\\/infos-pratiques\\\/alimentation\\\/#primaryimage\"},\"thumbnailUrl\":\"https:\\\/\\\/chile.travel\\\/wp-content\\\/uploads\\\/2024\\\/10\\\/279f14c4-e070dea5-d1bk9-1.png\",\"datePublished\":\"2024-10-14T15:07:07+00:00\",\"dateModified\":\"2025-12-09T17:54:26+00:00\",\"description\":\"Mangez serein. Conseils sur l'eau potable, la cuisson des fruits de mer et la Mar\u00e9e Rouge. Nos recommandations d'hygi\u00e8ne et sant\u00e9 ici.\",\"breadcrumb\":{\"@id\":\"https:\\\/\\\/chile.travel\\\/fr\\\/infos-pratiques\\\/alimentation\\\/#breadcrumb\"},\"inLanguage\":\"fr-FR\",\"potentialAction\":[{\"@type\":\"ReadAction\",\"target\":[\"https:\\\/\\\/chile.travel\\\/fr\\\/infos-pratiques\\\/alimentation\\\/\"]}]},{\"@type\":\"ImageObject\",\"inLanguage\":\"fr-FR\",\"@id\":\"https:\\\/\\\/chile.travel\\\/fr\\\/infos-pratiques\\\/alimentation\\\/#primaryimage\",\"url\":\"https:\\\/\\\/chile.travel\\\/wp-content\\\/uploads\\\/2024\\\/10\\\/279f14c4-e070dea5-d1bk9-1.png\",\"contentUrl\":\"https:\\\/\\\/chile.travel\\\/wp-content\\\/uploads\\\/2024\\\/10\\\/279f14c4-e070dea5-d1bk9-1.png\",\"width\":1443,\"height\":780},{\"@type\":\"BreadcrumbList\",\"@id\":\"https:\\\/\\\/chile.travel\\\/fr\\\/infos-pratiques\\\/alimentation\\\/#breadcrumb\",\"itemListElement\":[{\"@type\":\"ListItem\",\"position\":1,\"name\":\"Portada\",\"item\":\"https:\\\/\\\/stg.chile.travel\\\/fr\\\/\"},{\"@type\":\"ListItem\",\"position\":2,\"name\":\"Infos pratiques\",\"item\":\"https:\\\/\\\/stg.chile.travel\\\/fr\\\/infos-pratiques\\\/\"},{\"@type\":\"ListItem\",\"position\":3,\"name\":\"Alimentation\"}]},{\"@type\":\"WebSite\",\"@id\":\"https:\\\/\\\/stg.chile.travel\\\/fr\\\/#website\",\"url\":\"https:\\\/\\\/stg.chile.travel\\\/fr\\\/\",\"name\":\"Chile Travel\",\"description\":\"\",\"publisher\":{\"@id\":\"https:\\\/\\\/stg.chile.travel\\\/fr\\\/#organization\"},\"potentialAction\":[{\"@type\":\"SearchAction\",\"target\":{\"@type\":\"EntryPoint\",\"urlTemplate\":\"https:\\\/\\\/stg.chile.travel\\\/fr\\\/?s={search_term_string}\"},\"query-input\":{\"@type\":\"PropertyValueSpecification\",\"valueRequired\":true,\"valueName\":\"search_term_string\"}}],\"inLanguage\":\"fr-FR\"},{\"@type\":\"Organization\",\"@id\":\"https:\\\/\\\/stg.chile.travel\\\/fr\\\/#organization\",\"name\":\"Chile Travel\",\"url\":\"https:\\\/\\\/stg.chile.travel\\\/fr\\\/\",\"logo\":{\"@type\":\"ImageObject\",\"inLanguage\":\"fr-FR\",\"@id\":\"https:\\\/\\\/stg.chile.travel\\\/fr\\\/#\\\/schema\\\/logo\\\/image\\\/\",\"url\":\"https:\\\/\\\/chile.travel\\\/wp-content\\\/uploads\\\/2025\\\/12\\\/84152706-logo-travel.svg\",\"contentUrl\":\"https:\\\/\\\/chile.travel\\\/wp-content\\\/uploads\\\/2025\\\/12\\\/84152706-logo-travel.svg\",\"width\":189,\"height\":225,\"caption\":\"Chile Travel\"},\"image\":{\"@id\":\"https:\\\/\\\/stg.chile.travel\\\/fr\\\/#\\\/schema\\\/logo\\\/image\\\/\"}}]}<\/script>\n<!-- \/ Yoast SEO plugin. -->","yoast_head_json":{"title":"Alimentation - Chile Travel","description":"Mangez serein. Conseils sur l'eau potable, la cuisson des fruits de mer et la Mar\u00e9e Rouge. Nos recommandations d'hygi\u00e8ne et sant\u00e9 ici.","robots":{"index":"index","follow":"follow","max-snippet":"max-snippet:-1","max-image-preview":"max-image-preview:large","max-video-preview":"max-video-preview:-1"},"canonical":"https:\/\/chile.travel\/fr\/infos-pratiques\/alimentation\/","og_locale":"fr_FR","og_type":"article","og_title":"Alimentation - Chile Travel","og_description":"Mangez serein. Conseils sur l'eau potable, la cuisson des fruits de mer et la Mar\u00e9e Rouge. Nos recommandations d'hygi\u00e8ne et sant\u00e9 ici.","og_url":"https:\/\/chile.travel\/fr\/infos-pratiques\/alimentation\/","og_site_name":"Chile Travel","article_modified_time":"2025-12-09T17:54:26+00:00","og_image":[{"width":1443,"height":780,"url":"http:\/\/stg.chile.travel\/wp-content\/uploads\/2024\/10\/279f14c4-e070dea5-d1bk9-1.png","type":"image\/png"}],"twitter_card":"summary_large_image","twitter_misc":{"Dur\u00e9e de lecture estim\u00e9e":"1 minute"},"schema":{"@context":"https:\/\/schema.org","@graph":[{"@type":"WebPage","@id":"https:\/\/chile.travel\/fr\/infos-pratiques\/alimentation\/","url":"https:\/\/chile.travel\/fr\/infos-pratiques\/alimentation\/","name":"Alimentation - Chile Travel","isPartOf":{"@id":"https:\/\/stg.chile.travel\/fr\/#website"},"primaryImageOfPage":{"@id":"https:\/\/chile.travel\/fr\/infos-pratiques\/alimentation\/#primaryimage"},"image":{"@id":"https:\/\/chile.travel\/fr\/infos-pratiques\/alimentation\/#primaryimage"},"thumbnailUrl":"https:\/\/chile.travel\/wp-content\/uploads\/2024\/10\/279f14c4-e070dea5-d1bk9-1.png","datePublished":"2024-10-14T15:07:07+00:00","dateModified":"2025-12-09T17:54:26+00:00","description":"Mangez serein. Conseils sur l'eau potable, la cuisson des fruits de mer et la Mar\u00e9e Rouge. Nos recommandations d'hygi\u00e8ne et sant\u00e9 ici.","breadcrumb":{"@id":"https:\/\/chile.travel\/fr\/infos-pratiques\/alimentation\/#breadcrumb"},"inLanguage":"fr-FR","potentialAction":[{"@type":"ReadAction","target":["https:\/\/chile.travel\/fr\/infos-pratiques\/alimentation\/"]}]},{"@type":"ImageObject","inLanguage":"fr-FR","@id":"https:\/\/chile.travel\/fr\/infos-pratiques\/alimentation\/#primaryimage","url":"https:\/\/chile.travel\/wp-content\/uploads\/2024\/10\/279f14c4-e070dea5-d1bk9-1.png","contentUrl":"https:\/\/chile.travel\/wp-content\/uploads\/2024\/10\/279f14c4-e070dea5-d1bk9-1.png","width":1443,"height":780},{"@type":"BreadcrumbList","@id":"https:\/\/chile.travel\/fr\/infos-pratiques\/alimentation\/#breadcrumb","itemListElement":[{"@type":"ListItem","position":1,"name":"Portada","item":"https:\/\/stg.chile.travel\/fr\/"},{"@type":"ListItem","position":2,"name":"Infos pratiques","item":"https:\/\/stg.chile.travel\/fr\/infos-pratiques\/"},{"@type":"ListItem","position":3,"name":"Alimentation"}]},{"@type":"WebSite","@id":"https:\/\/stg.chile.travel\/fr\/#website","url":"https:\/\/stg.chile.travel\/fr\/","name":"Chile Travel","description":"","publisher":{"@id":"https:\/\/stg.chile.travel\/fr\/#organization"},"potentialAction":[{"@type":"SearchAction","target":{"@type":"EntryPoint","urlTemplate":"https:\/\/stg.chile.travel\/fr\/?s={search_term_string}"},"query-input":{"@type":"PropertyValueSpecification","valueRequired":true,"valueName":"search_term_string"}}],"inLanguage":"fr-FR"},{"@type":"Organization","@id":"https:\/\/stg.chile.travel\/fr\/#organization","name":"Chile Travel","url":"https:\/\/stg.chile.travel\/fr\/","logo":{"@type":"ImageObject","inLanguage":"fr-FR","@id":"https:\/\/stg.chile.travel\/fr\/#\/schema\/logo\/image\/","url":"https:\/\/chile.travel\/wp-content\/uploads\/2025\/12\/84152706-logo-travel.svg","contentUrl":"https:\/\/chile.travel\/wp-content\/uploads\/2025\/12\/84152706-logo-travel.svg","width":189,"height":225,"caption":"Chile Travel"},"image":{"@id":"https:\/\/stg.chile.travel\/fr\/#\/schema\/logo\/image\/"}}]}},"_links":{"self":[{"href":"https:\/\/chile.travel\/fr\/wp-json\/wp\/v2\/pages\/79566","targetHints":{"allow":["GET"]}}],"collection":[{"href":"https:\/\/chile.travel\/fr\/wp-json\/wp\/v2\/pages"}],"about":[{"href":"https:\/\/chile.travel\/fr\/wp-json\/wp\/v2\/types\/page"}],"author":[{"embeddable":true,"href":"https:\/\/chile.travel\/fr\/wp-json\/wp\/v2\/users\/17"}],"replies":[{"embeddable":true,"href":"https:\/\/chile.travel\/fr\/wp-json\/wp\/v2\/comments?post=79566"}],"version-history":[{"count":1,"href":"https:\/\/chile.travel\/fr\/wp-json\/wp\/v2\/pages\/79566\/revisions"}],"predecessor-version":[{"id":79585,"href":"https:\/\/chile.travel\/fr\/wp-json\/wp\/v2\/pages\/79566\/revisions\/79585"}],"up":[{"embeddable":true,"href":"https:\/\/chile.travel\/fr\/wp-json\/wp\/v2\/pages\/79199"}],"wp:featuredmedia":[{"embeddable":true,"href":"https:\/\/chile.travel\/fr\/wp-json\/wp\/v2\/media\/79188"}],"wp:attachment":[{"href":"https:\/\/chile.travel\/fr\/wp-json\/wp\/v2\/media?parent=79566"}],"wp:term":[{"taxonomy":"destacado","embeddable":true,"href":"https:\/\/chile.travel\/fr\/wp-json\/wp\/v2\/destacado?post=79566"}],"curies":[{"name":"wp","href":"https:\/\/api.w.org\/{rel}","templated":true}]}}