{"id":81949,"date":"2024-09-11T17:59:20","date_gmt":"2024-09-11T20:59:20","guid":{"rendered":"https:\/\/chile.travel\/presse\/"},"modified":"2025-12-16T15:00:56","modified_gmt":"2025-12-16T18:00:56","slug":"presse","status":"publish","type":"page","link":"https:\/\/chile.travel\/de\/presse\/","title":{"rendered":"Presse"},"content":{"rendered":"","protected":false},"excerpt":{"rendered":"","protected":false},"author":17,"featured_media":69088,"parent":0,"menu_order":68,"comment_status":"closed","ping_status":"closed","template":"page-prensa.php","meta":{"_acf_changed":false,"inline_featured_image":false,"powered_cache_disable_cache":false,"powered_cache_disable_lazyload":false,"powered_cache_disable_js_optimization":false,"footnotes":""},"destacado":[],"class_list":["post-81949","page","type-page","status-publish","has-post-thumbnail","hentry"],"acf":[],"yoast_head":"<!-- This site is optimized with the Yoast SEO plugin v27.3 - https:\/\/yoast.com\/product\/yoast-seo-wordpress\/ -->\n<title>Presse - Chile Travel<\/title>\n<meta name=\"description\" content=\"Sind Sie ein internationales Presse- oder Medienunternehmen? Fordern Sie Ihre Pressereise nach Chile an oder laden Sie hochwertiges audiovisuelles Material (Fotos und Videos) f\u00fcr Ihre Ver\u00f6ffentlichungen \u00fcber den chilenischen Tourismus herunter.\" \/>\n<meta name=\"robots\" content=\"index, follow, max-snippet:-1, max-image-preview:large, max-video-preview:-1\" \/>\n<link rel=\"canonical\" href=\"https:\/\/chile.travel\/de\/presse\/\" \/>\n<meta property=\"og:locale\" content=\"de_DE\" \/>\n<meta property=\"og:type\" content=\"article\" \/>\n<meta property=\"og:title\" content=\"Presse - Chile Travel\" \/>\n<meta property=\"og:description\" content=\"Sind Sie ein internationales Presse- oder Medienunternehmen? Fordern Sie Ihre Pressereise nach Chile an oder laden Sie hochwertiges audiovisuelles Material (Fotos und Videos) f\u00fcr Ihre Ver\u00f6ffentlichungen \u00fcber den chilenischen Tourismus herunter.\" \/>\n<meta property=\"og:url\" content=\"https:\/\/chile.travel\/de\/presse\/\" \/>\n<meta property=\"og:site_name\" content=\"Chile Travel\" \/>\n<meta property=\"article:modified_time\" content=\"2025-12-16T18:00:56+00:00\" \/>\n<meta property=\"og:image\" content=\"http:\/\/stg.chile.travel\/wp-content\/uploads\/2024\/10\/222f28f0-prensa_zip.png\" \/>\n\t<meta property=\"og:image:width\" content=\"1919\" \/>\n\t<meta property=\"og:image:height\" content=\"999\" \/>\n\t<meta property=\"og:image:type\" content=\"image\/png\" \/>\n<meta name=\"twitter:card\" content=\"summary_large_image\" \/>\n<meta name=\"twitter:label1\" content=\"Gesch\u00e4tzte Lesezeit\" \/>\n\t<meta name=\"twitter:data1\" content=\"1\u00a0Minute\" \/>\n<script type=\"application\/ld+json\" class=\"yoast-schema-graph\">{\"@context\":\"https:\\\/\\\/schema.org\",\"@graph\":[{\"@type\":\"WebPage\",\"@id\":\"https:\\\/\\\/chile.travel\\\/de\\\/presse\\\/\",\"url\":\"https:\\\/\\\/chile.travel\\\/de\\\/presse\\\/\",\"name\":\"Presse - Chile Travel\",\"isPartOf\":{\"@id\":\"https:\\\/\\\/stg.chile.travel\\\/de\\\/#website\"},\"primaryImageOfPage\":{\"@id\":\"https:\\\/\\\/chile.travel\\\/de\\\/presse\\\/#primaryimage\"},\"image\":{\"@id\":\"https:\\\/\\\/chile.travel\\\/de\\\/presse\\\/#primaryimage\"},\"thumbnailUrl\":\"https:\\\/\\\/chile.travel\\\/wp-content\\\/uploads\\\/2024\\\/10\\\/222f28f0-prensa_zip.png\",\"datePublished\":\"2024-09-11T20:59:20+00:00\",\"dateModified\":\"2025-12-16T18:00:56+00:00\",\"description\":\"Sind Sie ein internationales Presse- oder Medienunternehmen? Fordern Sie Ihre Pressereise nach Chile an oder laden Sie hochwertiges audiovisuelles Material (Fotos und Videos) f\u00fcr Ihre Ver\u00f6ffentlichungen \u00fcber den chilenischen Tourismus herunter.\",\"breadcrumb\":{\"@id\":\"https:\\\/\\\/chile.travel\\\/de\\\/presse\\\/#breadcrumb\"},\"inLanguage\":\"de\",\"potentialAction\":[{\"@type\":\"ReadAction\",\"target\":[\"https:\\\/\\\/chile.travel\\\/de\\\/presse\\\/\"]}]},{\"@type\":\"ImageObject\",\"inLanguage\":\"de\",\"@id\":\"https:\\\/\\\/chile.travel\\\/de\\\/presse\\\/#primaryimage\",\"url\":\"https:\\\/\\\/chile.travel\\\/wp-content\\\/uploads\\\/2024\\\/10\\\/222f28f0-prensa_zip.png\",\"contentUrl\":\"https:\\\/\\\/chile.travel\\\/wp-content\\\/uploads\\\/2024\\\/10\\\/222f28f0-prensa_zip.png\",\"width\":1919,\"height\":999},{\"@type\":\"BreadcrumbList\",\"@id\":\"https:\\\/\\\/chile.travel\\\/de\\\/presse\\\/#breadcrumb\",\"itemListElement\":[{\"@type\":\"ListItem\",\"position\":1,\"name\":\"Portada\",\"item\":\"https:\\\/\\\/stg.chile.travel\\\/de\\\/\"},{\"@type\":\"ListItem\",\"position\":2,\"name\":\"Presse\"}]},{\"@type\":\"WebSite\",\"@id\":\"https:\\\/\\\/stg.chile.travel\\\/de\\\/#website\",\"url\":\"https:\\\/\\\/stg.chile.travel\\\/de\\\/\",\"name\":\"Chile Travel\",\"description\":\"\",\"publisher\":{\"@id\":\"https:\\\/\\\/stg.chile.travel\\\/de\\\/#organization\"},\"potentialAction\":[{\"@type\":\"SearchAction\",\"target\":{\"@type\":\"EntryPoint\",\"urlTemplate\":\"https:\\\/\\\/stg.chile.travel\\\/de\\\/?s={search_term_string}\"},\"query-input\":{\"@type\":\"PropertyValueSpecification\",\"valueRequired\":true,\"valueName\":\"search_term_string\"}}],\"inLanguage\":\"de\"},{\"@type\":\"Organization\",\"@id\":\"https:\\\/\\\/stg.chile.travel\\\/de\\\/#organization\",\"name\":\"Chile Travel\",\"url\":\"https:\\\/\\\/stg.chile.travel\\\/de\\\/\",\"logo\":{\"@type\":\"ImageObject\",\"inLanguage\":\"de\",\"@id\":\"https:\\\/\\\/stg.chile.travel\\\/de\\\/#\\\/schema\\\/logo\\\/image\\\/\",\"url\":\"https:\\\/\\\/chile.travel\\\/wp-content\\\/uploads\\\/2025\\\/12\\\/84152706-logo-travel.svg\",\"contentUrl\":\"https:\\\/\\\/chile.travel\\\/wp-content\\\/uploads\\\/2025\\\/12\\\/84152706-logo-travel.svg\",\"width\":189,\"height\":225,\"caption\":\"Chile Travel\"},\"image\":{\"@id\":\"https:\\\/\\\/stg.chile.travel\\\/de\\\/#\\\/schema\\\/logo\\\/image\\\/\"}}]}<\/script>\n<!-- \/ Yoast SEO plugin. -->","yoast_head_json":{"title":"Presse - Chile Travel","description":"Sind Sie ein internationales Presse- oder Medienunternehmen? Fordern Sie Ihre Pressereise nach Chile an oder laden Sie hochwertiges audiovisuelles Material (Fotos und Videos) f\u00fcr Ihre Ver\u00f6ffentlichungen \u00fcber den chilenischen Tourismus herunter.","robots":{"index":"index","follow":"follow","max-snippet":"max-snippet:-1","max-image-preview":"max-image-preview:large","max-video-preview":"max-video-preview:-1"},"canonical":"https:\/\/chile.travel\/de\/presse\/","og_locale":"de_DE","og_type":"article","og_title":"Presse - Chile Travel","og_description":"Sind Sie ein internationales Presse- oder Medienunternehmen? Fordern Sie Ihre Pressereise nach Chile an oder laden Sie hochwertiges audiovisuelles Material (Fotos und Videos) f\u00fcr Ihre Ver\u00f6ffentlichungen \u00fcber den chilenischen Tourismus herunter.","og_url":"https:\/\/chile.travel\/de\/presse\/","og_site_name":"Chile Travel","article_modified_time":"2025-12-16T18:00:56+00:00","og_image":[{"width":1919,"height":999,"url":"http:\/\/stg.chile.travel\/wp-content\/uploads\/2024\/10\/222f28f0-prensa_zip.png","type":"image\/png"}],"twitter_card":"summary_large_image","twitter_misc":{"Gesch\u00e4tzte Lesezeit":"1\u00a0Minute"},"schema":{"@context":"https:\/\/schema.org","@graph":[{"@type":"WebPage","@id":"https:\/\/chile.travel\/de\/presse\/","url":"https:\/\/chile.travel\/de\/presse\/","name":"Presse - Chile Travel","isPartOf":{"@id":"https:\/\/stg.chile.travel\/de\/#website"},"primaryImageOfPage":{"@id":"https:\/\/chile.travel\/de\/presse\/#primaryimage"},"image":{"@id":"https:\/\/chile.travel\/de\/presse\/#primaryimage"},"thumbnailUrl":"https:\/\/chile.travel\/wp-content\/uploads\/2024\/10\/222f28f0-prensa_zip.png","datePublished":"2024-09-11T20:59:20+00:00","dateModified":"2025-12-16T18:00:56+00:00","description":"Sind Sie ein internationales Presse- oder Medienunternehmen? Fordern Sie Ihre Pressereise nach Chile an oder laden Sie hochwertiges audiovisuelles Material (Fotos und Videos) f\u00fcr Ihre Ver\u00f6ffentlichungen \u00fcber den chilenischen Tourismus herunter.","breadcrumb":{"@id":"https:\/\/chile.travel\/de\/presse\/#breadcrumb"},"inLanguage":"de","potentialAction":[{"@type":"ReadAction","target":["https:\/\/chile.travel\/de\/presse\/"]}]},{"@type":"ImageObject","inLanguage":"de","@id":"https:\/\/chile.travel\/de\/presse\/#primaryimage","url":"https:\/\/chile.travel\/wp-content\/uploads\/2024\/10\/222f28f0-prensa_zip.png","contentUrl":"https:\/\/chile.travel\/wp-content\/uploads\/2024\/10\/222f28f0-prensa_zip.png","width":1919,"height":999},{"@type":"BreadcrumbList","@id":"https:\/\/chile.travel\/de\/presse\/#breadcrumb","itemListElement":[{"@type":"ListItem","position":1,"name":"Portada","item":"https:\/\/stg.chile.travel\/de\/"},{"@type":"ListItem","position":2,"name":"Presse"}]},{"@type":"WebSite","@id":"https:\/\/stg.chile.travel\/de\/#website","url":"https:\/\/stg.chile.travel\/de\/","name":"Chile Travel","description":"","publisher":{"@id":"https:\/\/stg.chile.travel\/de\/#organization"},"potentialAction":[{"@type":"SearchAction","target":{"@type":"EntryPoint","urlTemplate":"https:\/\/stg.chile.travel\/de\/?s={search_term_string}"},"query-input":{"@type":"PropertyValueSpecification","valueRequired":true,"valueName":"search_term_string"}}],"inLanguage":"de"},{"@type":"Organization","@id":"https:\/\/stg.chile.travel\/de\/#organization","name":"Chile Travel","url":"https:\/\/stg.chile.travel\/de\/","logo":{"@type":"ImageObject","inLanguage":"de","@id":"https:\/\/stg.chile.travel\/de\/#\/schema\/logo\/image\/","url":"https:\/\/chile.travel\/wp-content\/uploads\/2025\/12\/84152706-logo-travel.svg","contentUrl":"https:\/\/chile.travel\/wp-content\/uploads\/2025\/12\/84152706-logo-travel.svg","width":189,"height":225,"caption":"Chile Travel"},"image":{"@id":"https:\/\/stg.chile.travel\/de\/#\/schema\/logo\/image\/"}}]}},"_links":{"self":[{"href":"https:\/\/chile.travel\/de\/wp-json\/wp\/v2\/pages\/81949","targetHints":{"allow":["GET"]}}],"collection":[{"href":"https:\/\/chile.travel\/de\/wp-json\/wp\/v2\/pages"}],"about":[{"href":"https:\/\/chile.travel\/de\/wp-json\/wp\/v2\/types\/page"}],"author":[{"embeddable":true,"href":"https:\/\/chile.travel\/de\/wp-json\/wp\/v2\/users\/17"}],"replies":[{"embeddable":true,"href":"https:\/\/chile.travel\/de\/wp-json\/wp\/v2\/comments?post=81949"}],"version-history":[{"count":2,"href":"https:\/\/chile.travel\/de\/wp-json\/wp\/v2\/pages\/81949\/revisions"}],"predecessor-version":[{"id":82301,"href":"https:\/\/chile.travel\/de\/wp-json\/wp\/v2\/pages\/81949\/revisions\/82301"}],"wp:featuredmedia":[{"embeddable":true,"href":"https:\/\/chile.travel\/de\/wp-json\/wp\/v2\/media\/69088"}],"wp:attachment":[{"href":"https:\/\/chile.travel\/de\/wp-json\/wp\/v2\/media?parent=81949"}],"wp:term":[{"taxonomy":"destacado","embeddable":true,"href":"https:\/\/chile.travel\/de\/wp-json\/wp\/v2\/destacado?post=81949"}],"curies":[{"name":"wp","href":"https:\/\/api.w.org\/{rel}","templated":true}]}}