






{"id":79450,"date":"2024-10-11T12:31:06","date_gmt":"2024-10-11T15:31:06","guid":{"rendered":"https:\/\/chile.travel\/datenschutzrichtlinien\/"},"modified":"2025-12-15T16:20:45","modified_gmt":"2025-12-15T19:20:45","slug":"datenschutzrichtlinien","status":"publish","type":"page","link":"https:\/\/chile.travel\/de\/datenschutzrichtlinien\/","title":{"rendered":"Datenschutzrichtlinien"},"content":{"rendered":"\n<h2 class=\"wp-block-heading\"><mark style=\"background-color:rgba(0, 0, 0, 0);color:#456aeb\" class=\"has-inline-color\"><strong>Einf\u00fchrung<\/strong><\/mark><\/h2>\n\n\n\n<p>Artikel <strong>9<\/strong> des <strong>Dekrets Nr. 100 von 2006<\/strong> des Ministeriums des Generalsekretariats des Pr\u00e4sidenten <strong>sieht vor<\/strong>, dass die <strong>Organe<\/strong> der <strong>Verwaltung<\/strong> des Staates <strong>verabschieden<\/strong>, pflegen und <strong>erkl\u00e4ren<\/strong> eine <strong>Datenschutzrichtlinie<\/strong> f\u00fcr ihre jeweilige <strong>Website<\/strong>, und dass diese von der ersten Seite aus <strong>zug\u00e4nglich<\/strong> sein <strong>muss<\/strong>.<\/p>\n\n\n\n<p>Obwohl der Anwendungsbereich der Vorschriften auf die Organe der staatlichen Verwaltung beschr\u00e4nkt ist und sich nicht auf die \u00fcbrigen Staatsorgane <strong>erstreckt<\/strong>, <strong>hindert<\/strong> dies diese nicht daran, angesichts des wachsenden Angebots an Online-Diensten \u00e4hnliche &#8222;Datenschutzrichtlinien&#8220; zu verabschieden.<\/p>\n\n\n\n<p>Die Aufnahme der in einer &#8222;Datenschutzrichtlinie&#8220; enthaltenen Informationen von der Startseite der Website \u00f6ffentlicher Stellen zielt darauf ab, den B\u00fcrgern <strong>Gewissheit<\/strong> \u00fcber die Verarbeitung personenbezogener <strong>Daten<\/strong> zu geben, die auf der <strong>Website<\/strong> <strong>stattfindet<\/strong>, sowie \u00fcber die <strong>Rechte<\/strong>, die sie <strong>besitzen<\/strong>, und die <strong>Art und Weise<\/strong>, wie sie diese aus\u00fcben k\u00f6nnen, und zwar im Vorgriff auf ihre Kenntnis bei der Nutzung der auf <strong>ihr<\/strong> verf\u00fcgbaren Ressourcen.<\/p>\n\n\n\n<p><strong>Dar\u00fcber hinaus<\/strong> pr\u00e4zisiert Artikel <strong>7<\/strong> des genannten <strong>Dekrets<\/strong> die <strong>Angaben<\/strong>, die die &#8222;Datenschutzrichtlinie&#8220; mindestens enthalten <strong>muss<\/strong>, wobei es wichtig ist hervorzuheben, dass die \u00fcber die Portale von <strong>SERNATUR<\/strong> bereitgestellten Informationen \u00fcber den geltenden gesetzlichen Standard hinausgehen sollen, da durch sie die Verbreitung der B\u00fcrgerrechte betont wird, ohne dass dadurch die Befugnisse der \u00f6ffentlichen Stellen zur Verarbeitung personenbezogener Daten gem\u00e4\u00df den f\u00fcr sie geltenden gesetzlichen Bestimmungen beeintr\u00e4chtigt werden. Das Dekret selbst r\u00e4umt jedoch die M\u00f6glichkeit ein, zus\u00e4tzliche Informationen zu den in der Online-Version vorgesehenen Mindestinhalten aufzunehmen. <\/p>\n\n\n\n<p><\/p>\n\n\n\n<h3 class=\"wp-block-heading\"><mark style=\"background-color:rgba(0, 0, 0, 0);color:#456aeb\" class=\"has-inline-color\">Datenschutzrichtlinie<\/mark><\/h3>\n\n\n\n<h3 class=\"wp-block-heading\">1. Verwendung von personenbezogenen Daten<\/h3>\n\n\n\n<p>SERNATUR definiert die <strong>Verwendung von personenbezogenen Daten<\/strong> als die Gesamtheit der technischen Verfahren (automatisiert oder nicht), mit denen die <strong>Erhebung, Registrierung, Speicherung, Organisation, Aufbewahrung, Abfrage, \u00c4nderung, Nutzung, L\u00f6schung, Sperrung, Kommunikation<\/strong> (Verbreitung oder \u00dcbertragung) erfolgt. Sie umfasst auch jede Form der Verarbeitung, die die Zusammenschaltung, den Zugriff und die Anpassung der erhobenen personenbezogenen Daten erleichtert. <\/p>\n\n\n\n<p>Der <strong>Zweck<\/strong> der Verwendung der in den verschiedenen Kan\u00e4len erhobenen personenbezogenen Daten steht im Einklang mit den Zielen von SERNATUR, die wie folgt lauten:<\/p>\n\n\n\n<ul class=\"wp-block-list\">\n<li>Internationale F\u00f6rderung Chiles als Reiseziel.<\/li>\n\n\n\n<li>Optimierung der Benutzererfahrung in unseren Kan\u00e4len.<\/li>\n<\/ul>\n\n\n\n<p>Die personenbezogenen Daten werden nur f\u00fcr die oben genannten Zwecke erhoben. Von dieser Einschr\u00e4nkung <strong>ausgenommen<\/strong> sind m\u00f6gliche Nutzungen in statistischen Aktionen, bei denen die <strong>Anonymit\u00e4t<\/strong> der Informationen gew\u00e4hrleistet ist. <\/p>\n\n\n\n<p><\/p>\n\n\n\n<h3 class=\"wp-block-heading\">2. Einwilligung<\/h3>\n\n\n\n<p>SERNATUR wird personenbezogene Daten nur mit vorheriger, ausdr\u00fccklicher und informierter Einwilligung des Dateneigent\u00fcmers verwenden, da mit der \u00dcbermittlung der Daten die Einwilligung zu deren Verwendung erteilt wird.<\/p>\n\n\n\n<p><\/p>\n\n\n\n<h3 class=\"wp-block-heading\">3. Weitergabe von personenbezogenen Daten<\/h3>\n\n\n\n<p>Die von SERNATUR erhobenen personenbezogenen Daten werden nicht an Dritte weitergegeben, mit Ausnahme der folgenden F\u00e4lle:<\/p>\n\n\n\n<ul class=\"wp-block-list\">\n<li>SERNATUR kann anderen staatlichen Stellen die personenbezogenen Daten seiner Nutzer mitteilen, sofern eine entsprechende Anforderung vorliegt, und die personenbezogenen Daten der Nutzer, die angefordert werden, mitteilen.<\/li>\n\n\n\n<li>SERNATUR kann Dritten statistische Informationen mitteilen, die aus den personenbezogenen Daten seiner Nutzer erstellt wurden, ohne die ausdr\u00fcckliche Zustimmung des Inhabers, wenn es nicht m\u00f6glich ist, die Inhaber anhand dieser Daten einzeln zu identifizieren, in \u00dcbereinstimmung mit dem Gesetz.<\/li>\n<\/ul>\n\n\n\n<p><\/p>\n\n\n\n<h3 class=\"wp-block-heading\">4. Verwendung von Cookies und Datenschutz<\/h3>\n\n\n\n<p>SERNATUR verwendet Technologien auf seinen Websites zur Datenerhebung auf seinen Plattformen, einschlie\u00dflich:<\/p>\n\n\n\n<ul class=\"wp-block-list\">\n<li>IP-Adresse<\/li>\n\n\n\n<li>Browsertyp<\/li>\n\n\n\n<li>Interne Seiten der Website, die der Benutzer besucht<\/li>\n\n\n\n<li>Andere Websites als www.chile.travel, die der Benutzer vor dem Betreten der Website besucht hat<\/li>\n<\/ul>\n\n\n\n<p><strong>Cookies<\/strong> sind eine Aufzeichnungstechnologie, die <strong>KEINE<\/strong> personenbezogenen Daten wie Name oder E-Mail-Adresse erfasst, sondern verwendet wird, um zu bestimmen, welche Inhalte am h\u00e4ufigsten abgerufen werden, und zur <strong>Optimierung<\/strong> der Benutzererfahrung. Wenn Sie sie deaktivieren, werden auch diese Funktionen deaktiviert. <\/p>\n\n\n\n<p><\/p>\n\n\n\n<h3 class=\"wp-block-heading\">5. In Bezug auf die Rechte der Nutzer an den erhobenen Daten<\/h3>\n\n\n\n<p>Der Nutzer kann jederzeit die durch das <strong>Gesetz Nr. 19.628<\/strong> und seine sp\u00e4teren \u00c4nderungen gew\u00e4hrten Rechte aus\u00fcben. Insbesondere in Bezug auf die <strong>Website chile.travel<\/strong> kann er: <\/p>\n\n\n\n<ul class=\"wp-block-list\">\n<li>a) <strong>Informationen<\/strong> \u00fcber die Datenbanken, f\u00fcr die die <strong>Organisationen<\/strong> verantwortlich sind, die Rechtsgrundlage f\u00fcr ihre Existenz, ihren Zweck, die Arten der gespeicherten Daten und die Beschreibung des Personenkreises, den sie <strong>umfassen<\/strong>, anfordern.<\/li>\n\n\n\n<li>b) <strong>Informationen<\/strong> \u00fcber die Daten, die sich auf seine Person beziehen, ihre Herkunft und ihren Empf\u00e4nger, den Zweck der Speicherung und die Individualisierung der Personen oder Organisationen, an die seine Daten regelm\u00e4\u00dfig \u00fcbermittelt werden, anfordern.<\/li>\n\n\n\n<li>c) Die <strong>L\u00f6schung oder Stornierung<\/strong> der \u00fcbermittelten Daten beantragen, wann immer er dies w\u00fcnscht, sofern dies <strong>rechtlich zul\u00e4ssig ist<\/strong>.<\/li>\n\n\n\n<li>d) Sich dagegen aussprechen, dass seine personenbezogenen Daten f\u00fcr statistische Zwecke verwendet werden.<\/li>\n\n\n\n<li>e) Um seine Rechte auszu\u00fcben, kann der Nutzer die Alternativen nutzen, die Sernatur \u00fcber sein Kontaktsystem zur Verf\u00fcgung stellt.<\/li>\n<\/ul>\n","protected":false},"excerpt":{"rendered":"<p>Einf\u00fchrung Artikel 9 des Dekrets Nr. 100 von 2006 des Ministeriums des Generalsekretariats des Pr\u00e4sidenten sieht vor, dass die Organe der Verwaltung des Staates verabschieden, pflegen und erkl\u00e4ren eine Datenschutzrichtlinie f\u00fcr ihre jeweilige Website, und dass diese von der ersten Seite aus zug\u00e4nglich sein muss. Obwohl der Anwendungsbereich der Vorschriften auf die Organe der staatlichen [&hellip;]<\/p>\n","protected":false},"author":17,"featured_media":59092,"parent":0,"menu_order":11,"comment_status":"closed","ping_status":"closed","template":"page-simple-template.php","meta":{"_acf_changed":false,"inline_featured_image":false,"powered_cache_disable_cache":false,"powered_cache_disable_lazyload":false,"powered_cache_disable_js_optimization":false,"footnotes":""},"destacado":[],"class_list":["post-79450","page","type-page","status-publish","has-post-thumbnail","hentry"],"acf":[],"yoast_head":"<!-- This site is optimized with the Yoast SEO plugin v27.5 - https:\/\/yoast.com\/product\/yoast-seo-wordpress\/ -->\n<title>Datenschutzrichtlinien - Chile Travel<\/title>\n<meta name=\"description\" content=\"Erfahren Sie mehr \u00fcber die Verwendung, Zustimmung und den Schutz Ihrer personenbezogenen Daten bei Chile Travel, einschlie\u00dflich der Nutzung von Cookies und Ihrer gesetzlichen Rechte.\" \/>\n<meta name=\"robots\" content=\"index, follow, max-snippet:-1, max-image-preview:large, max-video-preview:-1\" \/>\n<link rel=\"canonical\" href=\"https:\/\/chile.travel\/de\/datenschutzrichtlinien\/\" \/>\n<meta property=\"og:locale\" content=\"de_DE\" \/>\n<meta property=\"og:type\" content=\"article\" \/>\n<meta property=\"og:title\" content=\"Datenschutzrichtlinien - Chile Travel\" \/>\n<meta property=\"og:description\" content=\"Erfahren Sie mehr \u00fcber die Verwendung, Zustimmung und den Schutz Ihrer personenbezogenen Daten bei Chile Travel, einschlie\u00dflich der Nutzung von Cookies und Ihrer gesetzlichen Rechte.\" \/>\n<meta property=\"og:url\" content=\"https:\/\/chile.travel\/de\/datenschutzrichtlinien\/\" \/>\n<meta property=\"og:site_name\" content=\"Chile Travel\" \/>\n<meta property=\"article:modified_time\" content=\"2025-12-15T19:20:45+00:00\" \/>\n<meta property=\"og:image\" content=\"http:\/\/stg.chile.travel\/wp-content\/uploads\/2024\/10\/b487d659-politicas.png\" \/>\n\t<meta property=\"og:image:width\" content=\"1024\" \/>\n\t<meta property=\"og:image:height\" content=\"683\" \/>\n\t<meta property=\"og:image:type\" content=\"image\/png\" \/>\n<meta name=\"twitter:card\" content=\"summary_large_image\" \/>\n<meta name=\"twitter:label1\" content=\"Gesch\u00e4tzte Lesezeit\" \/>\n\t<meta name=\"twitter:data1\" content=\"4\u00a0Minuten\" \/>\n<script type=\"application\/ld+json\" class=\"yoast-schema-graph\">{\"@context\":\"https:\\\/\\\/schema.org\",\"@graph\":[{\"@type\":\"WebPage\",\"@id\":\"https:\\\/\\\/chile.travel\\\/de\\\/datenschutzrichtlinien\\\/\",\"url\":\"https:\\\/\\\/chile.travel\\\/de\\\/datenschutzrichtlinien\\\/\",\"name\":\"Datenschutzrichtlinien - Chile Travel\",\"isPartOf\":{\"@id\":\"https:\\\/\\\/stg.chile.travel\\\/de\\\/#website\"},\"primaryImageOfPage\":{\"@id\":\"https:\\\/\\\/chile.travel\\\/de\\\/datenschutzrichtlinien\\\/#primaryimage\"},\"image\":{\"@id\":\"https:\\\/\\\/chile.travel\\\/de\\\/datenschutzrichtlinien\\\/#primaryimage\"},\"thumbnailUrl\":\"https:\\\/\\\/chile.travel\\\/wp-content\\\/uploads\\\/2024\\\/10\\\/b487d659-politicas.png\",\"datePublished\":\"2024-10-11T15:31:06+00:00\",\"dateModified\":\"2025-12-15T19:20:45+00:00\",\"description\":\"Erfahren Sie mehr \u00fcber die Verwendung, Zustimmung und den Schutz Ihrer personenbezogenen Daten bei Chile Travel, einschlie\u00dflich der Nutzung von Cookies und Ihrer gesetzlichen Rechte.\",\"breadcrumb\":{\"@id\":\"https:\\\/\\\/chile.travel\\\/de\\\/datenschutzrichtlinien\\\/#breadcrumb\"},\"inLanguage\":\"de\",\"potentialAction\":[{\"@type\":\"ReadAction\",\"target\":[\"https:\\\/\\\/chile.travel\\\/de\\\/datenschutzrichtlinien\\\/\"]}]},{\"@type\":\"ImageObject\",\"inLanguage\":\"de\",\"@id\":\"https:\\\/\\\/chile.travel\\\/de\\\/datenschutzrichtlinien\\\/#primaryimage\",\"url\":\"https:\\\/\\\/chile.travel\\\/wp-content\\\/uploads\\\/2024\\\/10\\\/b487d659-politicas.png\",\"contentUrl\":\"https:\\\/\\\/chile.travel\\\/wp-content\\\/uploads\\\/2024\\\/10\\\/b487d659-politicas.png\",\"width\":2056,\"height\":1371},{\"@type\":\"BreadcrumbList\",\"@id\":\"https:\\\/\\\/chile.travel\\\/de\\\/datenschutzrichtlinien\\\/#breadcrumb\",\"itemListElement\":[{\"@type\":\"ListItem\",\"position\":1,\"name\":\"Portada\",\"item\":\"https:\\\/\\\/stg.chile.travel\\\/de\\\/\"},{\"@type\":\"ListItem\",\"position\":2,\"name\":\"Datenschutzrichtlinien\"}]},{\"@type\":\"WebSite\",\"@id\":\"https:\\\/\\\/stg.chile.travel\\\/de\\\/#website\",\"url\":\"https:\\\/\\\/stg.chile.travel\\\/de\\\/\",\"name\":\"Chile Travel\",\"description\":\"\",\"publisher\":{\"@id\":\"https:\\\/\\\/stg.chile.travel\\\/de\\\/#organization\"},\"potentialAction\":[{\"@type\":\"SearchAction\",\"target\":{\"@type\":\"EntryPoint\",\"urlTemplate\":\"https:\\\/\\\/stg.chile.travel\\\/de\\\/?s={search_term_string}\"},\"query-input\":{\"@type\":\"PropertyValueSpecification\",\"valueRequired\":true,\"valueName\":\"search_term_string\"}}],\"inLanguage\":\"de\"},{\"@type\":\"Organization\",\"@id\":\"https:\\\/\\\/stg.chile.travel\\\/de\\\/#organization\",\"name\":\"Chile Travel\",\"url\":\"https:\\\/\\\/stg.chile.travel\\\/de\\\/\",\"logo\":{\"@type\":\"ImageObject\",\"inLanguage\":\"de\",\"@id\":\"https:\\\/\\\/stg.chile.travel\\\/de\\\/#\\\/schema\\\/logo\\\/image\\\/\",\"url\":\"https:\\\/\\\/chile.travel\\\/wp-content\\\/uploads\\\/2025\\\/12\\\/84152706-logo-travel.svg\",\"contentUrl\":\"https:\\\/\\\/chile.travel\\\/wp-content\\\/uploads\\\/2025\\\/12\\\/84152706-logo-travel.svg\",\"width\":189,\"height\":225,\"caption\":\"Chile Travel\"},\"image\":{\"@id\":\"https:\\\/\\\/stg.chile.travel\\\/de\\\/#\\\/schema\\\/logo\\\/image\\\/\"}}]}<\/script>\n<!-- \/ Yoast SEO plugin. -->","yoast_head_json":{"title":"Datenschutzrichtlinien - Chile Travel","description":"Erfahren Sie mehr \u00fcber die Verwendung, Zustimmung und den Schutz Ihrer personenbezogenen Daten bei Chile Travel, einschlie\u00dflich der Nutzung von Cookies und Ihrer gesetzlichen Rechte.","robots":{"index":"index","follow":"follow","max-snippet":"max-snippet:-1","max-image-preview":"max-image-preview:large","max-video-preview":"max-video-preview:-1"},"canonical":"https:\/\/chile.travel\/de\/datenschutzrichtlinien\/","og_locale":"de_DE","og_type":"article","og_title":"Datenschutzrichtlinien - Chile Travel","og_description":"Erfahren Sie mehr \u00fcber die Verwendung, Zustimmung und den Schutz Ihrer personenbezogenen Daten bei Chile Travel, einschlie\u00dflich der Nutzung von Cookies und Ihrer gesetzlichen Rechte.","og_url":"https:\/\/chile.travel\/de\/datenschutzrichtlinien\/","og_site_name":"Chile Travel","article_modified_time":"2025-12-15T19:20:45+00:00","og_image":[{"url":"http:\/\/stg.chile.travel\/wp-content\/uploads\/2024\/10\/b487d659-politicas.png","width":1024,"height":683,"type":"image\/png"}],"twitter_card":"summary_large_image","twitter_misc":{"Gesch\u00e4tzte Lesezeit":"4\u00a0Minuten"},"schema":{"@context":"https:\/\/schema.org","@graph":[{"@type":"WebPage","@id":"https:\/\/chile.travel\/de\/datenschutzrichtlinien\/","url":"https:\/\/chile.travel\/de\/datenschutzrichtlinien\/","name":"Datenschutzrichtlinien - Chile Travel","isPartOf":{"@id":"https:\/\/stg.chile.travel\/de\/#website"},"primaryImageOfPage":{"@id":"https:\/\/chile.travel\/de\/datenschutzrichtlinien\/#primaryimage"},"image":{"@id":"https:\/\/chile.travel\/de\/datenschutzrichtlinien\/#primaryimage"},"thumbnailUrl":"https:\/\/chile.travel\/wp-content\/uploads\/2024\/10\/b487d659-politicas.png","datePublished":"2024-10-11T15:31:06+00:00","dateModified":"2025-12-15T19:20:45+00:00","description":"Erfahren Sie mehr \u00fcber die Verwendung, Zustimmung und den Schutz Ihrer personenbezogenen Daten bei Chile Travel, einschlie\u00dflich der Nutzung von Cookies und Ihrer gesetzlichen Rechte.","breadcrumb":{"@id":"https:\/\/chile.travel\/de\/datenschutzrichtlinien\/#breadcrumb"},"inLanguage":"de","potentialAction":[{"@type":"ReadAction","target":["https:\/\/chile.travel\/de\/datenschutzrichtlinien\/"]}]},{"@type":"ImageObject","inLanguage":"de","@id":"https:\/\/chile.travel\/de\/datenschutzrichtlinien\/#primaryimage","url":"https:\/\/chile.travel\/wp-content\/uploads\/2024\/10\/b487d659-politicas.png","contentUrl":"https:\/\/chile.travel\/wp-content\/uploads\/2024\/10\/b487d659-politicas.png","width":2056,"height":1371},{"@type":"BreadcrumbList","@id":"https:\/\/chile.travel\/de\/datenschutzrichtlinien\/#breadcrumb","itemListElement":[{"@type":"ListItem","position":1,"name":"Portada","item":"https:\/\/stg.chile.travel\/de\/"},{"@type":"ListItem","position":2,"name":"Datenschutzrichtlinien"}]},{"@type":"WebSite","@id":"https:\/\/stg.chile.travel\/de\/#website","url":"https:\/\/stg.chile.travel\/de\/","name":"Chile Travel","description":"","publisher":{"@id":"https:\/\/stg.chile.travel\/de\/#organization"},"potentialAction":[{"@type":"SearchAction","target":{"@type":"EntryPoint","urlTemplate":"https:\/\/stg.chile.travel\/de\/?s={search_term_string}"},"query-input":{"@type":"PropertyValueSpecification","valueRequired":true,"valueName":"search_term_string"}}],"inLanguage":"de"},{"@type":"Organization","@id":"https:\/\/stg.chile.travel\/de\/#organization","name":"Chile Travel","url":"https:\/\/stg.chile.travel\/de\/","logo":{"@type":"ImageObject","inLanguage":"de","@id":"https:\/\/stg.chile.travel\/de\/#\/schema\/logo\/image\/","url":"https:\/\/chile.travel\/wp-content\/uploads\/2025\/12\/84152706-logo-travel.svg","contentUrl":"https:\/\/chile.travel\/wp-content\/uploads\/2025\/12\/84152706-logo-travel.svg","width":189,"height":225,"caption":"Chile Travel"},"image":{"@id":"https:\/\/stg.chile.travel\/de\/#\/schema\/logo\/image\/"}}]}},"_links":{"self":[{"href":"https:\/\/chile.travel\/de\/wp-json\/wp\/v2\/pages\/79450","targetHints":{"allow":["GET"]}}],"collection":[{"href":"https:\/\/chile.travel\/de\/wp-json\/wp\/v2\/pages"}],"about":[{"href":"https:\/\/chile.travel\/de\/wp-json\/wp\/v2\/types\/page"}],"author":[{"embeddable":true,"href":"https:\/\/chile.travel\/de\/wp-json\/wp\/v2\/users\/17"}],"replies":[{"embeddable":true,"href":"https:\/\/chile.travel\/de\/wp-json\/wp\/v2\/comments?post=79450"}],"version-history":[{"count":2,"href":"https:\/\/chile.travel\/de\/wp-json\/wp\/v2\/pages\/79450\/revisions"}],"predecessor-version":[{"id":81969,"href":"https:\/\/chile.travel\/de\/wp-json\/wp\/v2\/pages\/79450\/revisions\/81969"}],"wp:featuredmedia":[{"embeddable":true,"href":"https:\/\/chile.travel\/de\/wp-json\/wp\/v2\/media\/59092"}],"wp:attachment":[{"href":"https:\/\/chile.travel\/de\/wp-json\/wp\/v2\/media?parent=79450"}],"wp:term":[{"taxonomy":"destacado","embeddable":true,"href":"https:\/\/chile.travel\/de\/wp-json\/wp\/v2\/destacado?post=79450"}],"curies":[{"name":"wp","href":"https:\/\/api.w.org\/{rel}","templated":true}]}}