
{"id":79446,"date":"2024-07-22T20:23:19","date_gmt":"2024-07-23T00:23:19","guid":{"rendered":"https:\/\/chile.travel\/landschaften\/"},"modified":"2025-12-09T14:57:27","modified_gmt":"2025-12-09T17:57:27","slug":"landschaften","status":"publish","type":"page","link":"https:\/\/chile.travel\/de\/landschaften\/","title":{"rendered":"Landschaften"},"content":{"rendered":"","protected":false},"excerpt":{"rendered":"","protected":false},"author":17,"featured_media":71099,"parent":0,"menu_order":86,"comment_status":"closed","ping_status":"closed","template":"page-template-paisajes.php","meta":{"_acf_changed":false,"inline_featured_image":false,"powered_cache_disable_cache":false,"powered_cache_disable_lazyload":false,"powered_cache_disable_js_optimization":false,"footnotes":""},"destacado":[],"class_list":["post-79446","page","type-page","status-publish","has-post-thumbnail","hentry"],"acf":[],"yoast_head":"<!-- This site is optimized with the Yoast SEO plugin v27.3 - https:\/\/yoast.com\/product\/yoast-seo-wordpress\/ -->\n<title>Landschaften - Chile Travel<\/title>\n<meta name=\"description\" content=\"Von der W\u00fcste bis zum Eis. Entdecken Sie die Vielfalt der Landschaften in Chile: Berge, W\u00e4lder und unber\u00fchrte Natur am Ende der Welt.\" \/>\n<meta name=\"robots\" content=\"index, follow, max-snippet:-1, max-image-preview:large, max-video-preview:-1\" \/>\n<link rel=\"canonical\" href=\"https:\/\/chile.travel\/de\/landschaften\/\" \/>\n<meta property=\"og:locale\" content=\"de_DE\" \/>\n<meta property=\"og:type\" content=\"article\" \/>\n<meta property=\"og:title\" content=\"Landschaften - Chile Travel\" \/>\n<meta property=\"og:description\" content=\"Von der W\u00fcste bis zum Eis. Entdecken Sie die Vielfalt der Landschaften in Chile: Berge, W\u00e4lder und unber\u00fchrte Natur am Ende der Welt.\" \/>\n<meta property=\"og:url\" content=\"https:\/\/chile.travel\/de\/landschaften\/\" \/>\n<meta property=\"og:site_name\" content=\"Chile Travel\" \/>\n<meta property=\"article:modified_time\" content=\"2025-12-09T17:57:27+00:00\" \/>\n<meta property=\"og:image\" content=\"http:\/\/stg.chile.travel\/wp-content\/uploads\/2025\/08\/e3cc1093-atractivo_cochiguaz_shutterstock_cabecera.jpg\" \/>\n\t<meta property=\"og:image:width\" content=\"2300\" \/>\n\t<meta property=\"og:image:height\" content=\"1533\" \/>\n\t<meta property=\"og:image:type\" content=\"image\/jpeg\" \/>\n<meta name=\"twitter:card\" content=\"summary_large_image\" \/>\n<meta name=\"twitter:label1\" content=\"Gesch\u00e4tzte Lesezeit\" \/>\n\t<meta name=\"twitter:data1\" content=\"1\u00a0Minute\" \/>\n<script type=\"application\/ld+json\" class=\"yoast-schema-graph\">{\"@context\":\"https:\\\/\\\/schema.org\",\"@graph\":[{\"@type\":\"WebPage\",\"@id\":\"https:\\\/\\\/chile.travel\\\/de\\\/landschaften\\\/\",\"url\":\"https:\\\/\\\/chile.travel\\\/de\\\/landschaften\\\/\",\"name\":\"Landschaften - Chile Travel\",\"isPartOf\":{\"@id\":\"https:\\\/\\\/stg.chile.travel\\\/de\\\/#website\"},\"primaryImageOfPage\":{\"@id\":\"https:\\\/\\\/chile.travel\\\/de\\\/landschaften\\\/#primaryimage\"},\"image\":{\"@id\":\"https:\\\/\\\/chile.travel\\\/de\\\/landschaften\\\/#primaryimage\"},\"thumbnailUrl\":\"https:\\\/\\\/chile.travel\\\/wp-content\\\/uploads\\\/2025\\\/08\\\/e3cc1093-atractivo_cochiguaz_shutterstock_cabecera.jpg\",\"datePublished\":\"2024-07-23T00:23:19+00:00\",\"dateModified\":\"2025-12-09T17:57:27+00:00\",\"description\":\"Von der W\u00fcste bis zum Eis. Entdecken Sie die Vielfalt der Landschaften in Chile: Berge, W\u00e4lder und unber\u00fchrte Natur am Ende der Welt.\",\"breadcrumb\":{\"@id\":\"https:\\\/\\\/chile.travel\\\/de\\\/landschaften\\\/#breadcrumb\"},\"inLanguage\":\"de\",\"potentialAction\":[{\"@type\":\"ReadAction\",\"target\":[\"https:\\\/\\\/chile.travel\\\/de\\\/landschaften\\\/\"]}]},{\"@type\":\"ImageObject\",\"inLanguage\":\"de\",\"@id\":\"https:\\\/\\\/chile.travel\\\/de\\\/landschaften\\\/#primaryimage\",\"url\":\"https:\\\/\\\/chile.travel\\\/wp-content\\\/uploads\\\/2025\\\/08\\\/e3cc1093-atractivo_cochiguaz_shutterstock_cabecera.jpg\",\"contentUrl\":\"https:\\\/\\\/chile.travel\\\/wp-content\\\/uploads\\\/2025\\\/08\\\/e3cc1093-atractivo_cochiguaz_shutterstock_cabecera.jpg\",\"width\":2300,\"height\":1533},{\"@type\":\"BreadcrumbList\",\"@id\":\"https:\\\/\\\/chile.travel\\\/de\\\/landschaften\\\/#breadcrumb\",\"itemListElement\":[{\"@type\":\"ListItem\",\"position\":1,\"name\":\"Portada\",\"item\":\"https:\\\/\\\/stg.chile.travel\\\/de\\\/\"},{\"@type\":\"ListItem\",\"position\":2,\"name\":\"Landschaften\"}]},{\"@type\":\"WebSite\",\"@id\":\"https:\\\/\\\/stg.chile.travel\\\/de\\\/#website\",\"url\":\"https:\\\/\\\/stg.chile.travel\\\/de\\\/\",\"name\":\"Chile Travel\",\"description\":\"\",\"publisher\":{\"@id\":\"https:\\\/\\\/stg.chile.travel\\\/de\\\/#organization\"},\"potentialAction\":[{\"@type\":\"SearchAction\",\"target\":{\"@type\":\"EntryPoint\",\"urlTemplate\":\"https:\\\/\\\/stg.chile.travel\\\/de\\\/?s={search_term_string}\"},\"query-input\":{\"@type\":\"PropertyValueSpecification\",\"valueRequired\":true,\"valueName\":\"search_term_string\"}}],\"inLanguage\":\"de\"},{\"@type\":\"Organization\",\"@id\":\"https:\\\/\\\/stg.chile.travel\\\/de\\\/#organization\",\"name\":\"Chile Travel\",\"url\":\"https:\\\/\\\/stg.chile.travel\\\/de\\\/\",\"logo\":{\"@type\":\"ImageObject\",\"inLanguage\":\"de\",\"@id\":\"https:\\\/\\\/stg.chile.travel\\\/de\\\/#\\\/schema\\\/logo\\\/image\\\/\",\"url\":\"https:\\\/\\\/chile.travel\\\/wp-content\\\/uploads\\\/2025\\\/12\\\/84152706-logo-travel.svg\",\"contentUrl\":\"https:\\\/\\\/chile.travel\\\/wp-content\\\/uploads\\\/2025\\\/12\\\/84152706-logo-travel.svg\",\"width\":189,\"height\":225,\"caption\":\"Chile Travel\"},\"image\":{\"@id\":\"https:\\\/\\\/stg.chile.travel\\\/de\\\/#\\\/schema\\\/logo\\\/image\\\/\"}}]}<\/script>\n<!-- \/ Yoast SEO plugin. -->","yoast_head_json":{"title":"Landschaften - Chile Travel","description":"Von der W\u00fcste bis zum Eis. Entdecken Sie die Vielfalt der Landschaften in Chile: Berge, W\u00e4lder und unber\u00fchrte Natur am Ende der Welt.","robots":{"index":"index","follow":"follow","max-snippet":"max-snippet:-1","max-image-preview":"max-image-preview:large","max-video-preview":"max-video-preview:-1"},"canonical":"https:\/\/chile.travel\/de\/landschaften\/","og_locale":"de_DE","og_type":"article","og_title":"Landschaften - Chile Travel","og_description":"Von der W\u00fcste bis zum Eis. Entdecken Sie die Vielfalt der Landschaften in Chile: Berge, W\u00e4lder und unber\u00fchrte Natur am Ende der Welt.","og_url":"https:\/\/chile.travel\/de\/landschaften\/","og_site_name":"Chile Travel","article_modified_time":"2025-12-09T17:57:27+00:00","og_image":[{"width":2300,"height":1533,"url":"http:\/\/stg.chile.travel\/wp-content\/uploads\/2025\/08\/e3cc1093-atractivo_cochiguaz_shutterstock_cabecera.jpg","type":"image\/jpeg"}],"twitter_card":"summary_large_image","twitter_misc":{"Gesch\u00e4tzte Lesezeit":"1\u00a0Minute"},"schema":{"@context":"https:\/\/schema.org","@graph":[{"@type":"WebPage","@id":"https:\/\/chile.travel\/de\/landschaften\/","url":"https:\/\/chile.travel\/de\/landschaften\/","name":"Landschaften - Chile Travel","isPartOf":{"@id":"https:\/\/stg.chile.travel\/de\/#website"},"primaryImageOfPage":{"@id":"https:\/\/chile.travel\/de\/landschaften\/#primaryimage"},"image":{"@id":"https:\/\/chile.travel\/de\/landschaften\/#primaryimage"},"thumbnailUrl":"https:\/\/chile.travel\/wp-content\/uploads\/2025\/08\/e3cc1093-atractivo_cochiguaz_shutterstock_cabecera.jpg","datePublished":"2024-07-23T00:23:19+00:00","dateModified":"2025-12-09T17:57:27+00:00","description":"Von der W\u00fcste bis zum Eis. Entdecken Sie die Vielfalt der Landschaften in Chile: Berge, W\u00e4lder und unber\u00fchrte Natur am Ende der Welt.","breadcrumb":{"@id":"https:\/\/chile.travel\/de\/landschaften\/#breadcrumb"},"inLanguage":"de","potentialAction":[{"@type":"ReadAction","target":["https:\/\/chile.travel\/de\/landschaften\/"]}]},{"@type":"ImageObject","inLanguage":"de","@id":"https:\/\/chile.travel\/de\/landschaften\/#primaryimage","url":"https:\/\/chile.travel\/wp-content\/uploads\/2025\/08\/e3cc1093-atractivo_cochiguaz_shutterstock_cabecera.jpg","contentUrl":"https:\/\/chile.travel\/wp-content\/uploads\/2025\/08\/e3cc1093-atractivo_cochiguaz_shutterstock_cabecera.jpg","width":2300,"height":1533},{"@type":"BreadcrumbList","@id":"https:\/\/chile.travel\/de\/landschaften\/#breadcrumb","itemListElement":[{"@type":"ListItem","position":1,"name":"Portada","item":"https:\/\/stg.chile.travel\/de\/"},{"@type":"ListItem","position":2,"name":"Landschaften"}]},{"@type":"WebSite","@id":"https:\/\/stg.chile.travel\/de\/#website","url":"https:\/\/stg.chile.travel\/de\/","name":"Chile Travel","description":"","publisher":{"@id":"https:\/\/stg.chile.travel\/de\/#organization"},"potentialAction":[{"@type":"SearchAction","target":{"@type":"EntryPoint","urlTemplate":"https:\/\/stg.chile.travel\/de\/?s={search_term_string}"},"query-input":{"@type":"PropertyValueSpecification","valueRequired":true,"valueName":"search_term_string"}}],"inLanguage":"de"},{"@type":"Organization","@id":"https:\/\/stg.chile.travel\/de\/#organization","name":"Chile Travel","url":"https:\/\/stg.chile.travel\/de\/","logo":{"@type":"ImageObject","inLanguage":"de","@id":"https:\/\/stg.chile.travel\/de\/#\/schema\/logo\/image\/","url":"https:\/\/chile.travel\/wp-content\/uploads\/2025\/12\/84152706-logo-travel.svg","contentUrl":"https:\/\/chile.travel\/wp-content\/uploads\/2025\/12\/84152706-logo-travel.svg","width":189,"height":225,"caption":"Chile Travel"},"image":{"@id":"https:\/\/stg.chile.travel\/de\/#\/schema\/logo\/image\/"}}]}},"_links":{"self":[{"href":"https:\/\/chile.travel\/de\/wp-json\/wp\/v2\/pages\/79446","targetHints":{"allow":["GET"]}}],"collection":[{"href":"https:\/\/chile.travel\/de\/wp-json\/wp\/v2\/pages"}],"about":[{"href":"https:\/\/chile.travel\/de\/wp-json\/wp\/v2\/types\/page"}],"author":[{"embeddable":true,"href":"https:\/\/chile.travel\/de\/wp-json\/wp\/v2\/users\/17"}],"replies":[{"embeddable":true,"href":"https:\/\/chile.travel\/de\/wp-json\/wp\/v2\/comments?post=79446"}],"version-history":[{"count":1,"href":"https:\/\/chile.travel\/de\/wp-json\/wp\/v2\/pages\/79446\/revisions"}],"predecessor-version":[{"id":81116,"href":"https:\/\/chile.travel\/de\/wp-json\/wp\/v2\/pages\/79446\/revisions\/81116"}],"wp:featuredmedia":[{"embeddable":true,"href":"https:\/\/chile.travel\/de\/wp-json\/wp\/v2\/media\/71099"}],"wp:attachment":[{"href":"https:\/\/chile.travel\/de\/wp-json\/wp\/v2\/media?parent=79446"}],"wp:term":[{"taxonomy":"destacado","embeddable":true,"href":"https:\/\/chile.travel\/de\/wp-json\/wp\/v2\/destacado?post=79446"}],"curies":[{"name":"wp","href":"https:\/\/api.w.org\/{rel}","templated":true}]}}